{"id":101212,"date":"2025-09-30T10:51:20","date_gmt":"2025-09-30T10:51:20","guid":{"rendered":"https:\/\/casafreitas.pt\/loja\/produto\/limpa-maquinas-lavar-louca-acao-total-250-ml\/"},"modified":"2025-10-24T02:21:19","modified_gmt":"2025-10-24T02:21:19","slug":"limpa-maquinas-lavar-louca-acao-total-250-ml","status":"publish","type":"product","link":"https:\/\/casafreitas.pt\/loja\/produto\/limpa-maquinas-lavar-louca-acao-total-250-ml\/","title":{"rendered":"Limpa m\u00e1quinas de lavar lou\u00e7a, a\u00e7\u00e3o total, 250 ml"},"content":{"rendered":"","protected":false},"excerpt":{"rendered":"<p>Limpa m\u00e1quinas de lavar lou\u00e7a, a\u00e7\u00e3o total, 250 ml<\/p>\n","protected":false},"featured_media":101211,"comment_status":"open","ping_status":"closed","template":"","meta":[],"product_brand":[],"product_cat":[17904,18010],"product_tag":[13027],"class_list":{"0":"post-101212","1":"product","2":"type-product","3":"status-publish","4":"has-post-thumbnail","6":"product_cat-lavagem-de-pratos-limpeza-e-higiene-pessoal","7":"product_cat-limpeza-higiene-pessoal","8":"product_tag-at-home-clean","10":"first","11":"instock","12":"taxable","13":"shipping-taxable","14":"purchasable","15":"product-type-simple"},"_links":{"self":[{"href":"https:\/\/casafreitas.pt\/loja\/wp-json\/wp\/v2\/product\/101212","targetHints":{"allow":["GET"]}}],"collection":[{"href":"https:\/\/casafreitas.pt\/loja\/wp-json\/wp\/v2\/product"}],"about":[{"href":"https:\/\/casafreitas.pt\/loja\/wp-json\/wp\/v2\/types\/product"}],"replies":[{"embeddable":true,"href":"https:\/\/casafreitas.pt\/loja\/wp-json\/wp\/v2\/comments?post=101212"}],"version-history":[{"count":1,"href":"https:\/\/casafreitas.pt\/loja\/wp-json\/wp\/v2\/product\/101212\/revisions"}],"predecessor-version":[{"id":101213,"href":"https:\/\/casafreitas.pt\/loja\/wp-json\/wp\/v2\/product\/101212\/revisions\/101213"}],"wp:featuredmedia":[{"embeddable":true,"href":"https:\/\/casafreitas.pt\/loja\/wp-json\/wp\/v2\/media\/101211"}],"wp:attachment":[{"href":"https:\/\/casafreitas.pt\/loja\/wp-json\/wp\/v2\/media?parent=101212"}],"wp:term":[{"taxonomy":"product_brand","embeddable":true,"href":"https:\/\/casafreitas.pt\/loja\/wp-json\/wp\/v2\/product_brand?post=101212"},{"taxonomy":"product_cat","embeddable":true,"href":"https:\/\/casafreitas.pt\/loja\/wp-json\/wp\/v2\/product_cat?post=101212"},{"taxonomy":"product_tag","embeddable":true,"href":"https:\/\/casafreitas.pt\/loja\/wp-json\/wp\/v2\/product_tag?post=101212"}],"curies":[{"name":"wp","href":"https:\/\/api.w.org\/{rel}","templated":true}]}}