{"id":101197,"date":"2025-09-30T10:49:45","date_gmt":"2025-09-30T10:49:45","guid":{"rendered":"https:\/\/casafreitas.pt\/loja\/produto\/maquina-lavar-louca-fairy-original-limao-41-unidades-21-20\/"},"modified":"2025-10-24T02:21:18","modified_gmt":"2025-10-24T02:21:18","slug":"maquina-lavar-louca-fairy-original-limao-41-unidades-21-20","status":"publish","type":"product","link":"https:\/\/casafreitas.pt\/loja\/produto\/maquina-lavar-louca-fairy-original-limao-41-unidades-21-20\/","title":{"rendered":"M\u00e1quina de lavar lou\u00e7a fairy original lim\u00e3o 41 unidades 21 + 20"},"content":{"rendered":"","protected":false},"excerpt":{"rendered":"<p>M\u00e1quina de lavar lou\u00e7a original fairy 41 unidades 21 + 20. eficaz contra a graxa incorporada<\/p>\n","protected":false},"featured_media":101196,"comment_status":"open","ping_status":"closed","template":"","meta":[],"product_brand":[],"product_cat":[17904,18010],"product_tag":[],"class_list":{"0":"post-101197","1":"product","2":"type-product","3":"status-publish","4":"has-post-thumbnail","6":"product_cat-lavagem-de-pratos-limpeza-e-higiene-pessoal","7":"product_cat-limpeza-higiene-pessoal","9":"first","10":"instock","11":"taxable","12":"shipping-taxable","13":"purchasable","14":"product-type-simple"},"_links":{"self":[{"href":"https:\/\/casafreitas.pt\/loja\/wp-json\/wp\/v2\/product\/101197","targetHints":{"allow":["GET"]}}],"collection":[{"href":"https:\/\/casafreitas.pt\/loja\/wp-json\/wp\/v2\/product"}],"about":[{"href":"https:\/\/casafreitas.pt\/loja\/wp-json\/wp\/v2\/types\/product"}],"replies":[{"embeddable":true,"href":"https:\/\/casafreitas.pt\/loja\/wp-json\/wp\/v2\/comments?post=101197"}],"version-history":[{"count":1,"href":"https:\/\/casafreitas.pt\/loja\/wp-json\/wp\/v2\/product\/101197\/revisions"}],"predecessor-version":[{"id":101198,"href":"https:\/\/casafreitas.pt\/loja\/wp-json\/wp\/v2\/product\/101197\/revisions\/101198"}],"wp:featuredmedia":[{"embeddable":true,"href":"https:\/\/casafreitas.pt\/loja\/wp-json\/wp\/v2\/media\/101196"}],"wp:attachment":[{"href":"https:\/\/casafreitas.pt\/loja\/wp-json\/wp\/v2\/media?parent=101197"}],"wp:term":[{"taxonomy":"product_brand","embeddable":true,"href":"https:\/\/casafreitas.pt\/loja\/wp-json\/wp\/v2\/product_brand?post=101197"},{"taxonomy":"product_cat","embeddable":true,"href":"https:\/\/casafreitas.pt\/loja\/wp-json\/wp\/v2\/product_cat?post=101197"},{"taxonomy":"product_tag","embeddable":true,"href":"https:\/\/casafreitas.pt\/loja\/wp-json\/wp\/v2\/product_tag?post=101197"}],"curies":[{"name":"wp","href":"https:\/\/api.w.org\/{rel}","templated":true}]}}