{"id":101188,"date":"2025-09-30T10:48:54","date_gmt":"2025-09-30T10:48:54","guid":{"rendered":"https:\/\/casafreitas.pt\/loja\/produto\/toalhetes-limpa-manchas-10-pecas\/"},"modified":"2025-10-24T02:21:18","modified_gmt":"2025-10-24T02:21:18","slug":"toalhetes-limpa-manchas-10-pecas","status":"publish","type":"product","link":"https:\/\/casafreitas.pt\/loja\/produto\/toalhetes-limpa-manchas-10-pecas\/","title":{"rendered":"Toalhetes limpa manchas 10 pe\u00e7as"},"content":{"rendered":"","protected":false},"excerpt":{"rendered":"<p>Toalhetes limpa manchas 10 pe\u00e7as, aroma lavanda, 100% dissolvido em \u00e1gua<\/p>\n","protected":false},"featured_media":101187,"comment_status":"open","ping_status":"closed","template":"","meta":[],"product_brand":[],"product_cat":[17921,18010],"product_tag":[],"class_list":{"0":"post-101188","1":"product","2":"type-product","3":"status-publish","4":"has-post-thumbnail","6":"product_cat-produtos-para-maquinas-de-lavar-roupa-removedor-de-manchas-limpeza-e-higiene-pessoal","7":"product_cat-limpeza-higiene-pessoal","9":"first","10":"instock","11":"taxable","12":"shipping-taxable","13":"purchasable","14":"product-type-simple"},"_links":{"self":[{"href":"https:\/\/casafreitas.pt\/loja\/wp-json\/wp\/v2\/product\/101188","targetHints":{"allow":["GET"]}}],"collection":[{"href":"https:\/\/casafreitas.pt\/loja\/wp-json\/wp\/v2\/product"}],"about":[{"href":"https:\/\/casafreitas.pt\/loja\/wp-json\/wp\/v2\/types\/product"}],"replies":[{"embeddable":true,"href":"https:\/\/casafreitas.pt\/loja\/wp-json\/wp\/v2\/comments?post=101188"}],"version-history":[{"count":1,"href":"https:\/\/casafreitas.pt\/loja\/wp-json\/wp\/v2\/product\/101188\/revisions"}],"predecessor-version":[{"id":101189,"href":"https:\/\/casafreitas.pt\/loja\/wp-json\/wp\/v2\/product\/101188\/revisions\/101189"}],"wp:featuredmedia":[{"embeddable":true,"href":"https:\/\/casafreitas.pt\/loja\/wp-json\/wp\/v2\/media\/101187"}],"wp:attachment":[{"href":"https:\/\/casafreitas.pt\/loja\/wp-json\/wp\/v2\/media?parent=101188"}],"wp:term":[{"taxonomy":"product_brand","embeddable":true,"href":"https:\/\/casafreitas.pt\/loja\/wp-json\/wp\/v2\/product_brand?post=101188"},{"taxonomy":"product_cat","embeddable":true,"href":"https:\/\/casafreitas.pt\/loja\/wp-json\/wp\/v2\/product_cat?post=101188"},{"taxonomy":"product_tag","embeddable":true,"href":"https:\/\/casafreitas.pt\/loja\/wp-json\/wp\/v2\/product_tag?post=101188"}],"curies":[{"name":"wp","href":"https:\/\/api.w.org\/{rel}","templated":true}]}}