{"id":101164,"date":"2025-09-30T10:46:28","date_gmt":"2025-09-30T10:46:28","guid":{"rendered":"https:\/\/casafreitas.pt\/loja\/produto\/limpador-uso-diario-para-piso-laminado-1-l\/"},"modified":"2025-10-24T02:21:16","modified_gmt":"2025-10-24T02:21:16","slug":"limpador-uso-diario-para-piso-laminado-1-l","status":"publish","type":"product","link":"https:\/\/casafreitas.pt\/loja\/produto\/limpador-uso-diario-para-piso-laminado-1-l\/","title":{"rendered":"Limpador de uso di\u00e1rio para piso laminado 1 l."},"content":{"rendered":"","protected":false},"excerpt":{"rendered":"<p>Limpador de uso di\u00e1rio para pisos laminados 1 l. remove manchas e sujeiras de pisos laminados. n\u00e3o cont\u00e9m agentes de polimento, ph neutro. n\u00e3o precisa enxaguar e n\u00e3o escorra.<\/p>\n","protected":false},"featured_media":101163,"comment_status":"open","ping_status":"closed","template":"","meta":[],"product_brand":[],"product_cat":[17902,18010],"product_tag":[],"class_list":{"0":"post-101164","1":"product","2":"type-product","3":"status-publish","4":"has-post-thumbnail","6":"product_cat-lavadores-polidores-de-chao-limpeza-e-higiene-pessoal","7":"product_cat-limpeza-higiene-pessoal","9":"first","10":"instock","11":"taxable","12":"shipping-taxable","13":"purchasable","14":"product-type-simple"},"_links":{"self":[{"href":"https:\/\/casafreitas.pt\/loja\/wp-json\/wp\/v2\/product\/101164","targetHints":{"allow":["GET"]}}],"collection":[{"href":"https:\/\/casafreitas.pt\/loja\/wp-json\/wp\/v2\/product"}],"about":[{"href":"https:\/\/casafreitas.pt\/loja\/wp-json\/wp\/v2\/types\/product"}],"replies":[{"embeddable":true,"href":"https:\/\/casafreitas.pt\/loja\/wp-json\/wp\/v2\/comments?post=101164"}],"version-history":[{"count":1,"href":"https:\/\/casafreitas.pt\/loja\/wp-json\/wp\/v2\/product\/101164\/revisions"}],"predecessor-version":[{"id":101165,"href":"https:\/\/casafreitas.pt\/loja\/wp-json\/wp\/v2\/product\/101164\/revisions\/101165"}],"wp:featuredmedia":[{"embeddable":true,"href":"https:\/\/casafreitas.pt\/loja\/wp-json\/wp\/v2\/media\/101163"}],"wp:attachment":[{"href":"https:\/\/casafreitas.pt\/loja\/wp-json\/wp\/v2\/media?parent=101164"}],"wp:term":[{"taxonomy":"product_brand","embeddable":true,"href":"https:\/\/casafreitas.pt\/loja\/wp-json\/wp\/v2\/product_brand?post=101164"},{"taxonomy":"product_cat","embeddable":true,"href":"https:\/\/casafreitas.pt\/loja\/wp-json\/wp\/v2\/product_cat?post=101164"},{"taxonomy":"product_tag","embeddable":true,"href":"https:\/\/casafreitas.pt\/loja\/wp-json\/wp\/v2\/product_tag?post=101164"}],"curies":[{"name":"wp","href":"https:\/\/api.w.org\/{rel}","templated":true}]}}