{"id":101158,"date":"2025-09-30T10:45:47","date_gmt":"2025-09-30T10:45:47","guid":{"rendered":"https:\/\/casafreitas.pt\/loja\/produto\/limpeza-abrilhantador-parquet-1l\/"},"modified":"2025-10-24T02:21:16","modified_gmt":"2025-10-24T02:21:16","slug":"limpeza-abrilhantador-parquet-1l","status":"publish","type":"product","link":"https:\/\/casafreitas.pt\/loja\/produto\/limpeza-abrilhantador-parquet-1l\/","title":{"rendered":"Limpeza abrilhantador parquet 1l."},"content":{"rendered":"","protected":false},"excerpt":{"rendered":"<p>Limpeza abrilhantador parquet 1l .renova o brilho, reduz riscos, manuten\u00e7\u00e3o regular (1 ou 2 vezes por m\u00eas): cuida do parquet, prolonga o efeito protetor do renovador, cheiro de cera.<\/p>\n","protected":false},"featured_media":101157,"comment_status":"open","ping_status":"closed","template":"","meta":[],"product_brand":[],"product_cat":[17902,18010],"product_tag":[],"class_list":{"0":"post-101158","1":"product","2":"type-product","3":"status-publish","4":"has-post-thumbnail","6":"product_cat-lavadores-polidores-de-chao-limpeza-e-higiene-pessoal","7":"product_cat-limpeza-higiene-pessoal","9":"first","10":"instock","11":"taxable","12":"shipping-taxable","13":"purchasable","14":"product-type-simple"},"_links":{"self":[{"href":"https:\/\/casafreitas.pt\/loja\/wp-json\/wp\/v2\/product\/101158","targetHints":{"allow":["GET"]}}],"collection":[{"href":"https:\/\/casafreitas.pt\/loja\/wp-json\/wp\/v2\/product"}],"about":[{"href":"https:\/\/casafreitas.pt\/loja\/wp-json\/wp\/v2\/types\/product"}],"replies":[{"embeddable":true,"href":"https:\/\/casafreitas.pt\/loja\/wp-json\/wp\/v2\/comments?post=101158"}],"version-history":[{"count":1,"href":"https:\/\/casafreitas.pt\/loja\/wp-json\/wp\/v2\/product\/101158\/revisions"}],"predecessor-version":[{"id":101159,"href":"https:\/\/casafreitas.pt\/loja\/wp-json\/wp\/v2\/product\/101158\/revisions\/101159"}],"wp:featuredmedia":[{"embeddable":true,"href":"https:\/\/casafreitas.pt\/loja\/wp-json\/wp\/v2\/media\/101157"}],"wp:attachment":[{"href":"https:\/\/casafreitas.pt\/loja\/wp-json\/wp\/v2\/media?parent=101158"}],"wp:term":[{"taxonomy":"product_brand","embeddable":true,"href":"https:\/\/casafreitas.pt\/loja\/wp-json\/wp\/v2\/product_brand?post=101158"},{"taxonomy":"product_cat","embeddable":true,"href":"https:\/\/casafreitas.pt\/loja\/wp-json\/wp\/v2\/product_cat?post=101158"},{"taxonomy":"product_tag","embeddable":true,"href":"https:\/\/casafreitas.pt\/loja\/wp-json\/wp\/v2\/product_tag?post=101158"}],"curies":[{"name":"wp","href":"https:\/\/api.w.org\/{rel}","templated":true}]}}