{"id":101149,"date":"2025-09-30T10:44:52","date_gmt":"2025-09-30T10:44:52","guid":{"rendered":"https:\/\/casafreitas.pt\/loja\/produto\/limpador-especial-janela-espelho-500-ml\/"},"modified":"2025-10-24T02:21:15","modified_gmt":"2025-10-24T02:21:15","slug":"limpador-especial-janela-espelho-500-ml","status":"publish","type":"product","link":"https:\/\/casafreitas.pt\/loja\/produto\/limpador-especial-janela-espelho-500-ml\/","title":{"rendered":"Limpador especial de janela e espelho 500 ml"},"content":{"rendered":"","protected":false},"excerpt":{"rendered":"<p>Limpador especial de janela e espelho 500 ml. \u00e9 anti-impress\u00e3o digital \u00e0 base de \u00e1lcool. remove sujeira e marcas d&#8217;\u00e1gua ap\u00f3s a chuva. tem secagem r\u00e1pida. fragr\u00e2ncia fresca e agrad\u00e1vel. n\u00e3o adequado para superf\u00edcies sens\u00edveis a produtos \u00e0 base de \u00e1lcool, ou contraindicado pelo fabricante.<\/p>\n","protected":false},"featured_media":101148,"comment_status":"open","ping_status":"closed","template":"","meta":[],"product_brand":[],"product_cat":[17906,18010],"product_tag":[],"class_list":{"0":"post-101149","1":"product","2":"type-product","3":"status-publish","4":"has-post-thumbnail","6":"product_cat-limpa-vidros-limpeza-e-higiene-pessoal","7":"product_cat-limpeza-higiene-pessoal","9":"first","10":"instock","11":"taxable","12":"shipping-taxable","13":"purchasable","14":"product-type-simple"},"_links":{"self":[{"href":"https:\/\/casafreitas.pt\/loja\/wp-json\/wp\/v2\/product\/101149","targetHints":{"allow":["GET"]}}],"collection":[{"href":"https:\/\/casafreitas.pt\/loja\/wp-json\/wp\/v2\/product"}],"about":[{"href":"https:\/\/casafreitas.pt\/loja\/wp-json\/wp\/v2\/types\/product"}],"replies":[{"embeddable":true,"href":"https:\/\/casafreitas.pt\/loja\/wp-json\/wp\/v2\/comments?post=101149"}],"version-history":[{"count":1,"href":"https:\/\/casafreitas.pt\/loja\/wp-json\/wp\/v2\/product\/101149\/revisions"}],"predecessor-version":[{"id":101150,"href":"https:\/\/casafreitas.pt\/loja\/wp-json\/wp\/v2\/product\/101149\/revisions\/101150"}],"wp:featuredmedia":[{"embeddable":true,"href":"https:\/\/casafreitas.pt\/loja\/wp-json\/wp\/v2\/media\/101148"}],"wp:attachment":[{"href":"https:\/\/casafreitas.pt\/loja\/wp-json\/wp\/v2\/media?parent=101149"}],"wp:term":[{"taxonomy":"product_brand","embeddable":true,"href":"https:\/\/casafreitas.pt\/loja\/wp-json\/wp\/v2\/product_brand?post=101149"},{"taxonomy":"product_cat","embeddable":true,"href":"https:\/\/casafreitas.pt\/loja\/wp-json\/wp\/v2\/product_cat?post=101149"},{"taxonomy":"product_tag","embeddable":true,"href":"https:\/\/casafreitas.pt\/loja\/wp-json\/wp\/v2\/product_tag?post=101149"}],"curies":[{"name":"wp","href":"https:\/\/api.w.org\/{rel}","templated":true}]}}