{"id":101137,"date":"2025-09-30T10:43:37","date_gmt":"2025-09-30T10:43:37","guid":{"rendered":"https:\/\/casafreitas.pt\/loja\/produto\/polimento-marmore-1-l\/"},"modified":"2025-10-24T02:21:15","modified_gmt":"2025-10-24T02:21:15","slug":"polimento-marmore-1-l","status":"publish","type":"product","link":"https:\/\/casafreitas.pt\/loja\/produto\/polimento-marmore-1-l\/","title":{"rendered":"Polimento de m\u00e1rmore, 1 l."},"content":{"rendered":"","protected":false},"excerpt":{"rendered":"<p>Polidor de m\u00e1rmore 1 l. cuida e reaviva o brilho, diminui arranh\u00f5es, prolonga o efeito protetor do renovador. n\u00e3o escorra, sem enxaguar. n\u00e3o apto: m\u00e1rmore cristalizado, pedras naturais polidas e pavimentos exteriores. fa\u00e7a um teste antes.<\/p>\n","protected":false},"featured_media":101136,"comment_status":"open","ping_status":"closed","template":"","meta":[],"product_brand":[],"product_cat":[17902,18010],"product_tag":[],"class_list":{"0":"post-101137","1":"product","2":"type-product","3":"status-publish","4":"has-post-thumbnail","6":"product_cat-lavadores-polidores-de-chao-limpeza-e-higiene-pessoal","7":"product_cat-limpeza-higiene-pessoal","9":"first","10":"instock","11":"taxable","12":"shipping-taxable","13":"purchasable","14":"product-type-simple"},"_links":{"self":[{"href":"https:\/\/casafreitas.pt\/loja\/wp-json\/wp\/v2\/product\/101137","targetHints":{"allow":["GET"]}}],"collection":[{"href":"https:\/\/casafreitas.pt\/loja\/wp-json\/wp\/v2\/product"}],"about":[{"href":"https:\/\/casafreitas.pt\/loja\/wp-json\/wp\/v2\/types\/product"}],"replies":[{"embeddable":true,"href":"https:\/\/casafreitas.pt\/loja\/wp-json\/wp\/v2\/comments?post=101137"}],"version-history":[{"count":1,"href":"https:\/\/casafreitas.pt\/loja\/wp-json\/wp\/v2\/product\/101137\/revisions"}],"predecessor-version":[{"id":101138,"href":"https:\/\/casafreitas.pt\/loja\/wp-json\/wp\/v2\/product\/101137\/revisions\/101138"}],"wp:featuredmedia":[{"embeddable":true,"href":"https:\/\/casafreitas.pt\/loja\/wp-json\/wp\/v2\/media\/101136"}],"wp:attachment":[{"href":"https:\/\/casafreitas.pt\/loja\/wp-json\/wp\/v2\/media?parent=101137"}],"wp:term":[{"taxonomy":"product_brand","embeddable":true,"href":"https:\/\/casafreitas.pt\/loja\/wp-json\/wp\/v2\/product_brand?post=101137"},{"taxonomy":"product_cat","embeddable":true,"href":"https:\/\/casafreitas.pt\/loja\/wp-json\/wp\/v2\/product_cat?post=101137"},{"taxonomy":"product_tag","embeddable":true,"href":"https:\/\/casafreitas.pt\/loja\/wp-json\/wp\/v2\/product_tag?post=101137"}],"curies":[{"name":"wp","href":"https:\/\/api.w.org\/{rel}","templated":true}]}}