{"id":101134,"date":"2025-09-30T10:43:16","date_gmt":"2025-09-30T10:43:16","guid":{"rendered":"https:\/\/casafreitas.pt\/loja\/produto\/vinagre-limpeza-1-l\/"},"modified":"2025-11-18T22:01:03","modified_gmt":"2025-11-18T22:01:03","slug":"vinagre-limpeza-1-l","status":"publish","type":"product","link":"https:\/\/casafreitas.pt\/loja\/produto\/vinagre-limpeza-1-l\/","title":{"rendered":"Vinagre de limpeza 1 l"},"content":{"rendered":"","protected":false},"excerpt":{"rendered":"<p>Vinagre de limpeza 1 l. grau de acidez 8. produto de limpeza ecol\u00f3gico. perfeito para limpeza, desinfe\u00e7\u00e3o, anti-cal, t\u00eaxteis<\/p>\n","protected":false},"featured_media":101133,"comment_status":"open","ping_status":"closed","template":"","meta":[],"product_brand":[],"product_cat":[18031,18010],"product_tag":[],"class_list":{"0":"post-101134","1":"product","2":"type-product","3":"status-publish","4":"has-post-thumbnail","6":"product_cat-limpadores-limpeza-higiene-pessoal-limpeza-higiene-pessoal","7":"product_cat-limpeza-higiene-pessoal","9":"first","10":"instock","11":"taxable","12":"shipping-taxable","13":"purchasable","14":"product-type-simple"},"_links":{"self":[{"href":"https:\/\/casafreitas.pt\/loja\/wp-json\/wp\/v2\/product\/101134","targetHints":{"allow":["GET"]}}],"collection":[{"href":"https:\/\/casafreitas.pt\/loja\/wp-json\/wp\/v2\/product"}],"about":[{"href":"https:\/\/casafreitas.pt\/loja\/wp-json\/wp\/v2\/types\/product"}],"replies":[{"embeddable":true,"href":"https:\/\/casafreitas.pt\/loja\/wp-json\/wp\/v2\/comments?post=101134"}],"version-history":[{"count":1,"href":"https:\/\/casafreitas.pt\/loja\/wp-json\/wp\/v2\/product\/101134\/revisions"}],"predecessor-version":[{"id":101135,"href":"https:\/\/casafreitas.pt\/loja\/wp-json\/wp\/v2\/product\/101134\/revisions\/101135"}],"wp:featuredmedia":[{"embeddable":true,"href":"https:\/\/casafreitas.pt\/loja\/wp-json\/wp\/v2\/media\/101133"}],"wp:attachment":[{"href":"https:\/\/casafreitas.pt\/loja\/wp-json\/wp\/v2\/media?parent=101134"}],"wp:term":[{"taxonomy":"product_brand","embeddable":true,"href":"https:\/\/casafreitas.pt\/loja\/wp-json\/wp\/v2\/product_brand?post=101134"},{"taxonomy":"product_cat","embeddable":true,"href":"https:\/\/casafreitas.pt\/loja\/wp-json\/wp\/v2\/product_cat?post=101134"},{"taxonomy":"product_tag","embeddable":true,"href":"https:\/\/casafreitas.pt\/loja\/wp-json\/wp\/v2\/product_tag?post=101134"}],"curies":[{"name":"wp","href":"https:\/\/api.w.org\/{rel}","templated":true}]}}