{"id":101101,"date":"2025-09-30T10:39:55","date_gmt":"2025-09-30T10:39:55","guid":{"rendered":"https:\/\/casafreitas.pt\/loja\/produto\/limpa-mopas-750-ml-para-todo-tipo-pisos\/"},"modified":"2025-11-18T22:01:07","modified_gmt":"2025-11-18T22:01:07","slug":"limpa-mopas-750-ml-para-todo-tipo-pisos","status":"publish","type":"product","link":"https:\/\/casafreitas.pt\/loja\/produto\/limpa-mopas-750-ml-para-todo-tipo-pisos\/","title":{"rendered":"Limpa mopas 750 ml para todo o tipo de pisos"},"content":{"rendered":"","protected":false},"excerpt":{"rendered":"<p>Limpa mopas 750 ml para todo o tipo de pisos. spray pronto do p\u00f3, antideslizante para todo o tipo de pisos: m\u00e1rmore, parqu\u00ea, terra\u00e7os e gr\u00e9s<\/p>\n","protected":false},"featured_media":101100,"comment_status":"open","ping_status":"closed","template":"","meta":[],"product_brand":[],"product_cat":[17902,18010],"product_tag":[],"class_list":{"0":"post-101101","1":"product","2":"type-product","3":"status-publish","4":"has-post-thumbnail","6":"product_cat-lavadores-polidores-de-chao-limpeza-e-higiene-pessoal","7":"product_cat-limpeza-higiene-pessoal","9":"first","10":"instock","11":"taxable","12":"shipping-taxable","13":"purchasable","14":"product-type-simple"},"_links":{"self":[{"href":"https:\/\/casafreitas.pt\/loja\/wp-json\/wp\/v2\/product\/101101","targetHints":{"allow":["GET"]}}],"collection":[{"href":"https:\/\/casafreitas.pt\/loja\/wp-json\/wp\/v2\/product"}],"about":[{"href":"https:\/\/casafreitas.pt\/loja\/wp-json\/wp\/v2\/types\/product"}],"replies":[{"embeddable":true,"href":"https:\/\/casafreitas.pt\/loja\/wp-json\/wp\/v2\/comments?post=101101"}],"version-history":[{"count":1,"href":"https:\/\/casafreitas.pt\/loja\/wp-json\/wp\/v2\/product\/101101\/revisions"}],"predecessor-version":[{"id":101102,"href":"https:\/\/casafreitas.pt\/loja\/wp-json\/wp\/v2\/product\/101101\/revisions\/101102"}],"wp:featuredmedia":[{"embeddable":true,"href":"https:\/\/casafreitas.pt\/loja\/wp-json\/wp\/v2\/media\/101100"}],"wp:attachment":[{"href":"https:\/\/casafreitas.pt\/loja\/wp-json\/wp\/v2\/media?parent=101101"}],"wp:term":[{"taxonomy":"product_brand","embeddable":true,"href":"https:\/\/casafreitas.pt\/loja\/wp-json\/wp\/v2\/product_brand?post=101101"},{"taxonomy":"product_cat","embeddable":true,"href":"https:\/\/casafreitas.pt\/loja\/wp-json\/wp\/v2\/product_cat?post=101101"},{"taxonomy":"product_tag","embeddable":true,"href":"https:\/\/casafreitas.pt\/loja\/wp-json\/wp\/v2\/product_tag?post=101101"}],"curies":[{"name":"wp","href":"https:\/\/api.w.org\/{rel}","templated":true}]}}