{"id":101095,"date":"2025-09-30T10:39:23","date_gmt":"2025-09-30T10:39:23","guid":{"rendered":"https:\/\/casafreitas.pt\/loja\/produto\/somat-pastilhas-para-maquina-lava-louca-oro-23-185\/"},"modified":"2025-11-12T13:57:05","modified_gmt":"2025-11-12T13:57:05","slug":"somat-pastilhas-para-maquina-lava-louca-oro-23-185","status":"publish","type":"product","link":"https:\/\/casafreitas.pt\/loja\/produto\/somat-pastilhas-para-maquina-lava-louca-oro-23-185\/","title":{"rendered":"Somat pastilhas para m\u00e1quina lava-lou\u00e7a oro 23 (18+5)"},"content":{"rendered":"","protected":false},"excerpt":{"rendered":"<p>Somat pastilhas para m\u00e1quina lava-lou\u00e7a oro 23 (18+5)<\/p>\n","protected":false},"featured_media":101094,"comment_status":"open","ping_status":"closed","template":"","meta":[],"product_brand":[],"product_cat":[17904,18010],"product_tag":[],"class_list":{"0":"post-101095","1":"product","2":"type-product","3":"status-publish","4":"has-post-thumbnail","6":"product_cat-lavagem-de-pratos-limpeza-e-higiene-pessoal","7":"product_cat-limpeza-higiene-pessoal","9":"first","10":"instock","11":"taxable","12":"shipping-taxable","13":"purchasable","14":"product-type-simple"},"_links":{"self":[{"href":"https:\/\/casafreitas.pt\/loja\/wp-json\/wp\/v2\/product\/101095","targetHints":{"allow":["GET"]}}],"collection":[{"href":"https:\/\/casafreitas.pt\/loja\/wp-json\/wp\/v2\/product"}],"about":[{"href":"https:\/\/casafreitas.pt\/loja\/wp-json\/wp\/v2\/types\/product"}],"replies":[{"embeddable":true,"href":"https:\/\/casafreitas.pt\/loja\/wp-json\/wp\/v2\/comments?post=101095"}],"version-history":[{"count":1,"href":"https:\/\/casafreitas.pt\/loja\/wp-json\/wp\/v2\/product\/101095\/revisions"}],"predecessor-version":[{"id":101096,"href":"https:\/\/casafreitas.pt\/loja\/wp-json\/wp\/v2\/product\/101095\/revisions\/101096"}],"wp:featuredmedia":[{"embeddable":true,"href":"https:\/\/casafreitas.pt\/loja\/wp-json\/wp\/v2\/media\/101094"}],"wp:attachment":[{"href":"https:\/\/casafreitas.pt\/loja\/wp-json\/wp\/v2\/media?parent=101095"}],"wp:term":[{"taxonomy":"product_brand","embeddable":true,"href":"https:\/\/casafreitas.pt\/loja\/wp-json\/wp\/v2\/product_brand?post=101095"},{"taxonomy":"product_cat","embeddable":true,"href":"https:\/\/casafreitas.pt\/loja\/wp-json\/wp\/v2\/product_cat?post=101095"},{"taxonomy":"product_tag","embeddable":true,"href":"https:\/\/casafreitas.pt\/loja\/wp-json\/wp\/v2\/product_tag?post=101095"}],"curies":[{"name":"wp","href":"https:\/\/api.w.org\/{rel}","templated":true}]}}