{"id":100975,"date":"2025-09-30T10:27:41","date_gmt":"2025-09-30T10:27:41","guid":{"rendered":"https:\/\/casafreitas.pt\/loja\/produto\/tinta-preto-40oc\/"},"modified":"2025-10-24T02:20:55","modified_gmt":"2025-10-24T02:20:55","slug":"tinta-preto-40oc","status":"publish","type":"product","link":"https:\/\/casafreitas.pt\/loja\/produto\/tinta-preto-40oc\/","title":{"rendered":"Tinta preto 40\u00bac"},"content":{"rendered":"","protected":false},"excerpt":{"rendered":"<p>Tinta preto, sem fade. cor brilhante e duradouro. pode ser utilizado \u00e0 m\u00e3o e na m\u00e1quina de lavar roupa at\u00e9 40\u00bac. cont\u00e9m 20 g de cor e 50 g de fixativo<\/p>\n","protected":false},"featured_media":100974,"comment_status":"open","ping_status":"closed","template":"","meta":[],"product_brand":[],"product_cat":[17880,18010],"product_tag":[],"class_list":{"0":"post-100975","1":"product","2":"type-product","3":"status-publish","4":"has-post-thumbnail","6":"product_cat-corantes-limpeza-e-higiene-pessoal","7":"product_cat-limpeza-higiene-pessoal","9":"first","10":"instock","11":"taxable","12":"shipping-taxable","13":"purchasable","14":"product-type-simple"},"_links":{"self":[{"href":"https:\/\/casafreitas.pt\/loja\/wp-json\/wp\/v2\/product\/100975","targetHints":{"allow":["GET"]}}],"collection":[{"href":"https:\/\/casafreitas.pt\/loja\/wp-json\/wp\/v2\/product"}],"about":[{"href":"https:\/\/casafreitas.pt\/loja\/wp-json\/wp\/v2\/types\/product"}],"replies":[{"embeddable":true,"href":"https:\/\/casafreitas.pt\/loja\/wp-json\/wp\/v2\/comments?post=100975"}],"version-history":[{"count":1,"href":"https:\/\/casafreitas.pt\/loja\/wp-json\/wp\/v2\/product\/100975\/revisions"}],"predecessor-version":[{"id":100976,"href":"https:\/\/casafreitas.pt\/loja\/wp-json\/wp\/v2\/product\/100975\/revisions\/100976"}],"wp:featuredmedia":[{"embeddable":true,"href":"https:\/\/casafreitas.pt\/loja\/wp-json\/wp\/v2\/media\/100974"}],"wp:attachment":[{"href":"https:\/\/casafreitas.pt\/loja\/wp-json\/wp\/v2\/media?parent=100975"}],"wp:term":[{"taxonomy":"product_brand","embeddable":true,"href":"https:\/\/casafreitas.pt\/loja\/wp-json\/wp\/v2\/product_brand?post=100975"},{"taxonomy":"product_cat","embeddable":true,"href":"https:\/\/casafreitas.pt\/loja\/wp-json\/wp\/v2\/product_cat?post=100975"},{"taxonomy":"product_tag","embeddable":true,"href":"https:\/\/casafreitas.pt\/loja\/wp-json\/wp\/v2\/product_tag?post=100975"}],"curies":[{"name":"wp","href":"https:\/\/api.w.org\/{rel}","templated":true}]}}