{"id":100915,"date":"2025-09-30T10:22:52","date_gmt":"2025-09-30T10:22:52","guid":{"rendered":"https:\/\/casafreitas.pt\/loja\/produto\/sal-em-comprimidos-maquina-lavar-louca-bueno-2kg\/"},"modified":"2025-10-24T02:20:52","modified_gmt":"2025-10-24T02:20:52","slug":"sal-em-comprimidos-maquina-lavar-louca-bueno-2kg","status":"publish","type":"product","link":"https:\/\/casafreitas.pt\/loja\/produto\/sal-em-comprimidos-maquina-lavar-louca-bueno-2kg\/","title":{"rendered":"Sal em comprimidos de m\u00e1quina de lavar lou\u00e7a bueno 2kg"},"content":{"rendered":"","protected":false},"excerpt":{"rendered":"<p>Sal em comprimidos de m\u00e1quina de lavar lou\u00e7a bueno 2kg<\/p>\n","protected":false},"featured_media":100914,"comment_status":"open","ping_status":"closed","template":"","meta":[],"product_brand":[],"product_cat":[17904,18010],"product_tag":[],"class_list":{"0":"post-100915","1":"product","2":"type-product","3":"status-publish","4":"has-post-thumbnail","6":"product_cat-lavagem-de-pratos-limpeza-e-higiene-pessoal","7":"product_cat-limpeza-higiene-pessoal","9":"first","10":"instock","11":"taxable","12":"shipping-taxable","13":"purchasable","14":"product-type-simple"},"_links":{"self":[{"href":"https:\/\/casafreitas.pt\/loja\/wp-json\/wp\/v2\/product\/100915","targetHints":{"allow":["GET"]}}],"collection":[{"href":"https:\/\/casafreitas.pt\/loja\/wp-json\/wp\/v2\/product"}],"about":[{"href":"https:\/\/casafreitas.pt\/loja\/wp-json\/wp\/v2\/types\/product"}],"replies":[{"embeddable":true,"href":"https:\/\/casafreitas.pt\/loja\/wp-json\/wp\/v2\/comments?post=100915"}],"version-history":[{"count":1,"href":"https:\/\/casafreitas.pt\/loja\/wp-json\/wp\/v2\/product\/100915\/revisions"}],"predecessor-version":[{"id":100916,"href":"https:\/\/casafreitas.pt\/loja\/wp-json\/wp\/v2\/product\/100915\/revisions\/100916"}],"wp:featuredmedia":[{"embeddable":true,"href":"https:\/\/casafreitas.pt\/loja\/wp-json\/wp\/v2\/media\/100914"}],"wp:attachment":[{"href":"https:\/\/casafreitas.pt\/loja\/wp-json\/wp\/v2\/media?parent=100915"}],"wp:term":[{"taxonomy":"product_brand","embeddable":true,"href":"https:\/\/casafreitas.pt\/loja\/wp-json\/wp\/v2\/product_brand?post=100915"},{"taxonomy":"product_cat","embeddable":true,"href":"https:\/\/casafreitas.pt\/loja\/wp-json\/wp\/v2\/product_cat?post=100915"},{"taxonomy":"product_tag","embeddable":true,"href":"https:\/\/casafreitas.pt\/loja\/wp-json\/wp\/v2\/product_tag?post=100915"}],"curies":[{"name":"wp","href":"https:\/\/api.w.org\/{rel}","templated":true}]}}