{"id":100876,"date":"2025-09-30T10:19:40","date_gmt":"2025-09-30T10:19:40","guid":{"rendered":"https:\/\/casafreitas.pt\/loja\/produto\/limpador-anticalcario-gel-spray-700-ml-100-ml-gratis\/"},"modified":"2025-10-24T02:20:50","modified_gmt":"2025-10-24T02:20:50","slug":"limpador-anticalcario-gel-spray-700-ml-100-ml-gratis","status":"publish","type":"product","link":"https:\/\/casafreitas.pt\/loja\/produto\/limpador-anticalcario-gel-spray-700-ml-100-ml-gratis\/","title":{"rendered":"Limpador anticalc\u00e1rio gel spray 700 ml + 100 ml gr\u00e1tis"},"content":{"rendered":"","protected":false},"excerpt":{"rendered":"<p>Limpador anticalc\u00e1rio gel spray 700 ml + 100 ml gr\u00e1tis<\/p>\n","protected":false},"featured_media":100875,"comment_status":"open","ping_status":"closed","template":"","meta":[],"product_brand":[],"product_cat":[17910,18010],"product_tag":[],"class_list":{"0":"post-100876","1":"product","2":"type-product","3":"status-publish","4":"has-post-thumbnail","6":"product_cat-limpeza-de-casas-de-banho-limpeza-e-higiene-pessoal","7":"product_cat-limpeza-higiene-pessoal","9":"first","10":"instock","11":"taxable","12":"shipping-taxable","13":"purchasable","14":"product-type-simple"},"_links":{"self":[{"href":"https:\/\/casafreitas.pt\/loja\/wp-json\/wp\/v2\/product\/100876","targetHints":{"allow":["GET"]}}],"collection":[{"href":"https:\/\/casafreitas.pt\/loja\/wp-json\/wp\/v2\/product"}],"about":[{"href":"https:\/\/casafreitas.pt\/loja\/wp-json\/wp\/v2\/types\/product"}],"replies":[{"embeddable":true,"href":"https:\/\/casafreitas.pt\/loja\/wp-json\/wp\/v2\/comments?post=100876"}],"version-history":[{"count":1,"href":"https:\/\/casafreitas.pt\/loja\/wp-json\/wp\/v2\/product\/100876\/revisions"}],"predecessor-version":[{"id":100877,"href":"https:\/\/casafreitas.pt\/loja\/wp-json\/wp\/v2\/product\/100876\/revisions\/100877"}],"wp:featuredmedia":[{"embeddable":true,"href":"https:\/\/casafreitas.pt\/loja\/wp-json\/wp\/v2\/media\/100875"}],"wp:attachment":[{"href":"https:\/\/casafreitas.pt\/loja\/wp-json\/wp\/v2\/media?parent=100876"}],"wp:term":[{"taxonomy":"product_brand","embeddable":true,"href":"https:\/\/casafreitas.pt\/loja\/wp-json\/wp\/v2\/product_brand?post=100876"},{"taxonomy":"product_cat","embeddable":true,"href":"https:\/\/casafreitas.pt\/loja\/wp-json\/wp\/v2\/product_cat?post=100876"},{"taxonomy":"product_tag","embeddable":true,"href":"https:\/\/casafreitas.pt\/loja\/wp-json\/wp\/v2\/product_tag?post=100876"}],"curies":[{"name":"wp","href":"https:\/\/api.w.org\/{rel}","templated":true}]}}