{"id":100849,"date":"2025-09-30T10:17:48","date_gmt":"2025-09-30T10:17:48","guid":{"rendered":"https:\/\/casafreitas.pt\/loja\/produto\/lampada-led-standard-e27-9-w-1055-lm-4000-k-daylight-2-uds\/"},"modified":"2025-10-24T02:20:49","modified_gmt":"2025-10-24T02:20:49","slug":"lampada-led-standard-e27-9-w-1055-lm-4000-k-daylight-2-uds","status":"publish","type":"product","link":"https:\/\/casafreitas.pt\/loja\/produto\/lampada-led-standard-e27-9-w-1055-lm-4000-k-daylight-2-uds\/","title":{"rendered":"L\u00e2mpada led standard e27 9 w 1055 lm 4000 k daylight, 2 uds"},"content":{"rendered":"","protected":false},"excerpt":{"rendered":"<p>L\u00e2mpada led standard e27 9 w (equiv. 75 w) 1055 lm 4000 k luz do dia, cri 80, classifica\u00e7\u00e3o energ\u00e9tica e, dura\u00e7\u00e3o \u00fatil: 15.000 h, 220 &#8211; 240 v ca 50\/60 hz. fluxo luminoso 360\u00b0. dimens\u00f5es: \u00f86 x 10,4 cm. 2 uds<\/p>\n","protected":false},"featured_media":100848,"comment_status":"open","ping_status":"closed","template":"","meta":[],"product_brand":[],"product_cat":[17587,18004],"product_tag":[],"class_list":{"0":"post-100849","1":"product","2":"type-product","3":"status-publish","4":"has-post-thumbnail","6":"product_cat-kits-lampadas-construcao","7":"product_cat-construcao","9":"first","10":"instock","11":"taxable","12":"shipping-taxable","13":"purchasable","14":"product-type-simple"},"_links":{"self":[{"href":"https:\/\/casafreitas.pt\/loja\/wp-json\/wp\/v2\/product\/100849","targetHints":{"allow":["GET"]}}],"collection":[{"href":"https:\/\/casafreitas.pt\/loja\/wp-json\/wp\/v2\/product"}],"about":[{"href":"https:\/\/casafreitas.pt\/loja\/wp-json\/wp\/v2\/types\/product"}],"replies":[{"embeddable":true,"href":"https:\/\/casafreitas.pt\/loja\/wp-json\/wp\/v2\/comments?post=100849"}],"version-history":[{"count":1,"href":"https:\/\/casafreitas.pt\/loja\/wp-json\/wp\/v2\/product\/100849\/revisions"}],"predecessor-version":[{"id":100850,"href":"https:\/\/casafreitas.pt\/loja\/wp-json\/wp\/v2\/product\/100849\/revisions\/100850"}],"wp:featuredmedia":[{"embeddable":true,"href":"https:\/\/casafreitas.pt\/loja\/wp-json\/wp\/v2\/media\/100848"}],"wp:attachment":[{"href":"https:\/\/casafreitas.pt\/loja\/wp-json\/wp\/v2\/media?parent=100849"}],"wp:term":[{"taxonomy":"product_brand","embeddable":true,"href":"https:\/\/casafreitas.pt\/loja\/wp-json\/wp\/v2\/product_brand?post=100849"},{"taxonomy":"product_cat","embeddable":true,"href":"https:\/\/casafreitas.pt\/loja\/wp-json\/wp\/v2\/product_cat?post=100849"},{"taxonomy":"product_tag","embeddable":true,"href":"https:\/\/casafreitas.pt\/loja\/wp-json\/wp\/v2\/product_tag?post=100849"}],"curies":[{"name":"wp","href":"https:\/\/api.w.org\/{rel}","templated":true}]}}