{"id":100741,"date":"2025-09-30T10:08:23","date_gmt":"2025-09-30T10:08:23","guid":{"rendered":"https:\/\/casafreitas.pt\/loja\/produto\/downlight-led-superficie-encastrar-235w-1820lm-4000k-luz-dia-mod-meson-o2217x5cm-philips\/"},"modified":"2025-10-24T02:20:43","modified_gmt":"2025-10-24T02:20:43","slug":"downlight-led-superficie-encastrar-235w-1820lm-4000k-luz-dia-mod-meson-o2217x5cm-philips","status":"publish","type":"product","link":"https:\/\/casafreitas.pt\/loja\/produto\/downlight-led-superficie-encastrar-235w-1820lm-4000k-luz-dia-mod-meson-o2217x5cm-philips\/","title":{"rendered":"Downlight led de superf\u00edcie\/encastrar 23,5w 1820lm 4000k luz dia. mod. meson \u00f822,17x5cm philips"},"content":{"rendered":"","protected":false},"excerpt":{"rendered":"<p>Downlight led de superf\u00edcie\/encastrar 23,5w 1820lm 4000k luz dia. mod. m\u00e9son. feito de pl\u00e1stico. cor branca. ip20, irc 80, n\u00e3o ajust\u00e1vel, \u00e2ngulo de abertura 110\u00b0, grau de prote\u00e7\u00e3o ip20 tamanho: \u00f822,17x5cm (di\u00e2metro\/altura). tens\u00e3o: 220-240v. philips<\/p>\n","protected":false},"featured_media":100740,"comment_status":"open","ping_status":"closed","template":"","meta":[],"product_brand":[],"product_cat":[17941,18008],"product_tag":[],"class_list":{"0":"post-100741","1":"product","2":"type-product","3":"status-publish","4":"has-post-thumbnail","6":"product_cat-downlights-rebaixados-iluminacao-2","7":"product_cat-iluminacao","9":"first","10":"instock","11":"taxable","12":"shipping-taxable","13":"purchasable","14":"product-type-simple"},"_links":{"self":[{"href":"https:\/\/casafreitas.pt\/loja\/wp-json\/wp\/v2\/product\/100741","targetHints":{"allow":["GET"]}}],"collection":[{"href":"https:\/\/casafreitas.pt\/loja\/wp-json\/wp\/v2\/product"}],"about":[{"href":"https:\/\/casafreitas.pt\/loja\/wp-json\/wp\/v2\/types\/product"}],"replies":[{"embeddable":true,"href":"https:\/\/casafreitas.pt\/loja\/wp-json\/wp\/v2\/comments?post=100741"}],"version-history":[{"count":1,"href":"https:\/\/casafreitas.pt\/loja\/wp-json\/wp\/v2\/product\/100741\/revisions"}],"predecessor-version":[{"id":100742,"href":"https:\/\/casafreitas.pt\/loja\/wp-json\/wp\/v2\/product\/100741\/revisions\/100742"}],"wp:featuredmedia":[{"embeddable":true,"href":"https:\/\/casafreitas.pt\/loja\/wp-json\/wp\/v2\/media\/100740"}],"wp:attachment":[{"href":"https:\/\/casafreitas.pt\/loja\/wp-json\/wp\/v2\/media?parent=100741"}],"wp:term":[{"taxonomy":"product_brand","embeddable":true,"href":"https:\/\/casafreitas.pt\/loja\/wp-json\/wp\/v2\/product_brand?post=100741"},{"taxonomy":"product_cat","embeddable":true,"href":"https:\/\/casafreitas.pt\/loja\/wp-json\/wp\/v2\/product_cat?post=100741"},{"taxonomy":"product_tag","embeddable":true,"href":"https:\/\/casafreitas.pt\/loja\/wp-json\/wp\/v2\/product_tag?post=100741"}],"curies":[{"name":"wp","href":"https:\/\/api.w.org\/{rel}","templated":true}]}}