{"id":100705,"date":"2025-09-30T10:05:11","date_gmt":"2025-09-30T10:05:11","guid":{"rendered":"https:\/\/casafreitas.pt\/loja\/produto\/candeeiro-bracadeira-branco-led-3w-4-000k\/"},"modified":"2025-10-24T02:20:41","modified_gmt":"2025-10-24T02:20:41","slug":"candeeiro-bracadeira-branco-led-3w-4-000k","status":"publish","type":"product","link":"https:\/\/casafreitas.pt\/loja\/produto\/candeeiro-bracadeira-branco-led-3w-4-000k\/","title":{"rendered":"Candeeiro de bra\u00e7adeira branco led 3w 4.000k"},"content":{"rendered":"","protected":false},"excerpt":{"rendered":"<p>Candeeiro de bra\u00e7adeira, cor branco, led 3w 4.000k, 175 lm. luz de leitura com clip, com bateria de l\u00edtio incorporada de 1200 mah, inclui cabo usb. f\u00e1cil redirecionamento da luz com goosenekk, tecla de toque para 3 n\u00edveis de escuro, distribui\u00e7\u00e3o uniforme da luz.<\/p>\n","protected":false},"featured_media":100704,"comment_status":"open","ping_status":"closed","template":"","meta":[],"product_brand":[],"product_cat":[17945,18008],"product_tag":[],"class_list":{"0":"post-100705","1":"product","2":"type-product","3":"status-publish","4":"has-post-thumbnail","6":"product_cat-flexos-led-iluminacao-2","7":"product_cat-iluminacao","9":"first","10":"instock","11":"taxable","12":"shipping-taxable","13":"purchasable","14":"product-type-simple"},"_links":{"self":[{"href":"https:\/\/casafreitas.pt\/loja\/wp-json\/wp\/v2\/product\/100705","targetHints":{"allow":["GET"]}}],"collection":[{"href":"https:\/\/casafreitas.pt\/loja\/wp-json\/wp\/v2\/product"}],"about":[{"href":"https:\/\/casafreitas.pt\/loja\/wp-json\/wp\/v2\/types\/product"}],"replies":[{"embeddable":true,"href":"https:\/\/casafreitas.pt\/loja\/wp-json\/wp\/v2\/comments?post=100705"}],"version-history":[{"count":1,"href":"https:\/\/casafreitas.pt\/loja\/wp-json\/wp\/v2\/product\/100705\/revisions"}],"predecessor-version":[{"id":100706,"href":"https:\/\/casafreitas.pt\/loja\/wp-json\/wp\/v2\/product\/100705\/revisions\/100706"}],"wp:featuredmedia":[{"embeddable":true,"href":"https:\/\/casafreitas.pt\/loja\/wp-json\/wp\/v2\/media\/100704"}],"wp:attachment":[{"href":"https:\/\/casafreitas.pt\/loja\/wp-json\/wp\/v2\/media?parent=100705"}],"wp:term":[{"taxonomy":"product_brand","embeddable":true,"href":"https:\/\/casafreitas.pt\/loja\/wp-json\/wp\/v2\/product_brand?post=100705"},{"taxonomy":"product_cat","embeddable":true,"href":"https:\/\/casafreitas.pt\/loja\/wp-json\/wp\/v2\/product_cat?post=100705"},{"taxonomy":"product_tag","embeddable":true,"href":"https:\/\/casafreitas.pt\/loja\/wp-json\/wp\/v2\/product_tag?post=100705"}],"curies":[{"name":"wp","href":"https:\/\/api.w.org\/{rel}","templated":true}]}}