{"id":100678,"date":"2025-09-30T10:02:24","date_gmt":"2025-09-30T10:02:24","guid":{"rendered":"https:\/\/casafreitas.pt\/loja\/produto\/candeeiro-sobremuro-e27-mod-bridge-philips\/"},"modified":"2025-10-24T02:20:33","modified_gmt":"2025-10-24T02:20:33","slug":"candeeiro-sobremuro-e27-mod-bridge-philips","status":"publish","type":"product","link":"https:\/\/casafreitas.pt\/loja\/produto\/candeeiro-sobremuro-e27-mod-bridge-philips\/","title":{"rendered":"Candeeiro sobremuro e27 mod. bridge philips"},"content":{"rendered":"","protected":false},"excerpt":{"rendered":"<p>Candeeiro sobremuro e27 mod. bridge philips (funciona com l\u00e2mpada baixo consumo e27 14w 810lm 4.000k luz quente inclu\u00edda). fabricado em alum\u00ednio, cor antracida, ip44, tamanho 12,1&#215;40,2&#215;12,1cm<\/p>\n","protected":false},"featured_media":100677,"comment_status":"open","ping_status":"closed","template":"","meta":[],"product_brand":[],"product_cat":[17950,18008],"product_tag":[],"class_list":{"0":"post-100678","1":"product","2":"type-product","3":"status-publish","4":"has-post-thumbnail","6":"product_cat-iluminacao-exterior-led-iluminacao-2","7":"product_cat-iluminacao","9":"first","10":"instock","11":"taxable","12":"shipping-taxable","13":"purchasable","14":"product-type-simple"},"_links":{"self":[{"href":"https:\/\/casafreitas.pt\/loja\/wp-json\/wp\/v2\/product\/100678","targetHints":{"allow":["GET"]}}],"collection":[{"href":"https:\/\/casafreitas.pt\/loja\/wp-json\/wp\/v2\/product"}],"about":[{"href":"https:\/\/casafreitas.pt\/loja\/wp-json\/wp\/v2\/types\/product"}],"replies":[{"embeddable":true,"href":"https:\/\/casafreitas.pt\/loja\/wp-json\/wp\/v2\/comments?post=100678"}],"version-history":[{"count":1,"href":"https:\/\/casafreitas.pt\/loja\/wp-json\/wp\/v2\/product\/100678\/revisions"}],"predecessor-version":[{"id":100679,"href":"https:\/\/casafreitas.pt\/loja\/wp-json\/wp\/v2\/product\/100678\/revisions\/100679"}],"wp:featuredmedia":[{"embeddable":true,"href":"https:\/\/casafreitas.pt\/loja\/wp-json\/wp\/v2\/media\/100677"}],"wp:attachment":[{"href":"https:\/\/casafreitas.pt\/loja\/wp-json\/wp\/v2\/media?parent=100678"}],"wp:term":[{"taxonomy":"product_brand","embeddable":true,"href":"https:\/\/casafreitas.pt\/loja\/wp-json\/wp\/v2\/product_brand?post=100678"},{"taxonomy":"product_cat","embeddable":true,"href":"https:\/\/casafreitas.pt\/loja\/wp-json\/wp\/v2\/product_cat?post=100678"},{"taxonomy":"product_tag","embeddable":true,"href":"https:\/\/casafreitas.pt\/loja\/wp-json\/wp\/v2\/product_tag?post=100678"}],"curies":[{"name":"wp","href":"https:\/\/api.w.org\/{rel}","templated":true}]}}