{"id":100633,"date":"2025-09-30T09:57:50","date_gmt":"2025-09-30T09:57:50","guid":{"rendered":"https:\/\/casafreitas.pt\/loja\/produto\/meranti-gu10-projetor-3-elementos-lampada-nao-incluida-cor-cromado-fosco-155-x-10-x-49-cm\/"},"modified":"2025-10-24T02:20:30","modified_gmt":"2025-10-24T02:20:30","slug":"meranti-gu10-projetor-3-elementos-lampada-nao-incluida-cor-cromado-fosco-155-x-10-x-49-cm","status":"publish","type":"product","link":"https:\/\/casafreitas.pt\/loja\/produto\/meranti-gu10-projetor-3-elementos-lampada-nao-incluida-cor-cromado-fosco-155-x-10-x-49-cm\/","title":{"rendered":"Meranti gu10 projetor de 3 elementos (l\u00e2mpada n\u00e3o inclu\u00edda) cor cromado fosco 15,5 x 10 x 49 cm"},"content":{"rendered":"","protected":false},"excerpt":{"rendered":"<p>Candeeiro de teto 3 focos gu10 mod. meranti philips. l\u00e2mpadas n\u00e3o inclu\u00eddas 15,5x10x49cm, ip20<\/p>\n","protected":false},"featured_media":100632,"comment_status":"open","ping_status":"closed","template":"","meta":[],"product_brand":[],"product_cat":[17946,18008],"product_tag":[],"class_list":{"0":"post-100633","1":"product","2":"type-product","3":"status-publish","4":"has-post-thumbnail","6":"product_cat-focos-armaduras-iluminacao-2","7":"product_cat-iluminacao","9":"first","10":"instock","11":"taxable","12":"shipping-taxable","13":"purchasable","14":"product-type-simple"},"_links":{"self":[{"href":"https:\/\/casafreitas.pt\/loja\/wp-json\/wp\/v2\/product\/100633","targetHints":{"allow":["GET"]}}],"collection":[{"href":"https:\/\/casafreitas.pt\/loja\/wp-json\/wp\/v2\/product"}],"about":[{"href":"https:\/\/casafreitas.pt\/loja\/wp-json\/wp\/v2\/types\/product"}],"replies":[{"embeddable":true,"href":"https:\/\/casafreitas.pt\/loja\/wp-json\/wp\/v2\/comments?post=100633"}],"version-history":[{"count":1,"href":"https:\/\/casafreitas.pt\/loja\/wp-json\/wp\/v2\/product\/100633\/revisions"}],"predecessor-version":[{"id":100634,"href":"https:\/\/casafreitas.pt\/loja\/wp-json\/wp\/v2\/product\/100633\/revisions\/100634"}],"wp:featuredmedia":[{"embeddable":true,"href":"https:\/\/casafreitas.pt\/loja\/wp-json\/wp\/v2\/media\/100632"}],"wp:attachment":[{"href":"https:\/\/casafreitas.pt\/loja\/wp-json\/wp\/v2\/media?parent=100633"}],"wp:term":[{"taxonomy":"product_brand","embeddable":true,"href":"https:\/\/casafreitas.pt\/loja\/wp-json\/wp\/v2\/product_brand?post=100633"},{"taxonomy":"product_cat","embeddable":true,"href":"https:\/\/casafreitas.pt\/loja\/wp-json\/wp\/v2\/product_cat?post=100633"},{"taxonomy":"product_tag","embeddable":true,"href":"https:\/\/casafreitas.pt\/loja\/wp-json\/wp\/v2\/product_tag?post=100633"}],"curies":[{"name":"wp","href":"https:\/\/api.w.org\/{rel}","templated":true}]}}