{"id":100612,"date":"2025-09-30T09:55:46","date_gmt":"2025-09-30T09:55:46","guid":{"rendered":"https:\/\/casafreitas.pt\/loja\/produto\/lampada-gu10-led-47w-2-700k-6-500k-345lm-wifi-philips-wiz\/"},"modified":"2025-10-24T02:20:27","modified_gmt":"2025-10-24T02:20:27","slug":"lampada-gu10-led-47w-2-700k-6-500k-345lm-wifi-philips-wiz","status":"publish","type":"product","link":"https:\/\/casafreitas.pt\/loja\/produto\/lampada-gu10-led-47w-2-700k-6-500k-345lm-wifi-philips-wiz\/","title":{"rendered":"L\u00e2mpada gu10 led 4,7w 2.700k-6.500k 345lm wifi philips wiz"},"content":{"rendered":"","protected":false},"excerpt":{"rendered":"<p>L\u00e2mpada gu10 led 4,7w 2.700k-6.500k 345lm wifi philips wiz. consiga uma luz inteligente branco quente ou fria regul\u00e1vel e difusa nas lumin\u00e1rias e focos encastre standard na sua casa, com a l\u00e2mpada gu10 philips smart led. l\u00e2mpada liga-se a wiz. use-a com o seu wifi e controle-a com a aplica\u00e7\u00e3o wiz ou com a sua pr\u00f3pria voz<\/p>\n","protected":false},"featured_media":100611,"comment_status":"open","ping_status":"closed","template":"","meta":[],"product_brand":[],"product_cat":[17592,18004],"product_tag":[],"class_list":{"0":"post-100612","1":"product","2":"type-product","3":"status-publish","4":"has-post-thumbnail","6":"product_cat-lampadas-inteligentes-construcao","7":"product_cat-construcao","9":"first","10":"instock","11":"taxable","12":"shipping-taxable","13":"purchasable","14":"product-type-simple"},"_links":{"self":[{"href":"https:\/\/casafreitas.pt\/loja\/wp-json\/wp\/v2\/product\/100612","targetHints":{"allow":["GET"]}}],"collection":[{"href":"https:\/\/casafreitas.pt\/loja\/wp-json\/wp\/v2\/product"}],"about":[{"href":"https:\/\/casafreitas.pt\/loja\/wp-json\/wp\/v2\/types\/product"}],"replies":[{"embeddable":true,"href":"https:\/\/casafreitas.pt\/loja\/wp-json\/wp\/v2\/comments?post=100612"}],"version-history":[{"count":1,"href":"https:\/\/casafreitas.pt\/loja\/wp-json\/wp\/v2\/product\/100612\/revisions"}],"predecessor-version":[{"id":100613,"href":"https:\/\/casafreitas.pt\/loja\/wp-json\/wp\/v2\/product\/100612\/revisions\/100613"}],"wp:featuredmedia":[{"embeddable":true,"href":"https:\/\/casafreitas.pt\/loja\/wp-json\/wp\/v2\/media\/100611"}],"wp:attachment":[{"href":"https:\/\/casafreitas.pt\/loja\/wp-json\/wp\/v2\/media?parent=100612"}],"wp:term":[{"taxonomy":"product_brand","embeddable":true,"href":"https:\/\/casafreitas.pt\/loja\/wp-json\/wp\/v2\/product_brand?post=100612"},{"taxonomy":"product_cat","embeddable":true,"href":"https:\/\/casafreitas.pt\/loja\/wp-json\/wp\/v2\/product_cat?post=100612"},{"taxonomy":"product_tag","embeddable":true,"href":"https:\/\/casafreitas.pt\/loja\/wp-json\/wp\/v2\/product_tag?post=100612"}],"curies":[{"name":"wp","href":"https:\/\/api.w.org\/{rel}","templated":true}]}}