{"id":100588,"date":"2025-09-30T09:53:33","date_gmt":"2025-09-30T09:53:33","guid":{"rendered":"https:\/\/casafreitas.pt\/loja\/produto\/lampada-ultra-efficient-led-classic-73w-1535im-e27-4000k-o6x104cm\/"},"modified":"2025-10-24T02:20:22","modified_gmt":"2025-10-24T02:20:22","slug":"lampada-ultra-efficient-led-classic-73w-1535im-e27-4000k-o6x104cm","status":"publish","type":"product","link":"https:\/\/casafreitas.pt\/loja\/produto\/lampada-ultra-efficient-led-classic-73w-1535im-e27-4000k-o6x104cm\/","title":{"rendered":"L\u00e2mpada ultra efficient led classic 7,3w 1535im e27 4000k, \u00f86&#215;10,4cm"},"content":{"rendered":"","protected":false},"excerpt":{"rendered":"<p>L\u00e2mpada ultra efficient led classic a60 standard 7,3w 1535im, e27 mate 4000k, luz dia, 220 -240v ac 50\/60hz, tipo de fluxo 360\u00b0, equival\u00eancia 100w, autonomia aprox. 50.000h<\/p>\n","protected":false},"featured_media":100587,"comment_status":"open","ping_status":"closed","template":"","meta":[],"product_brand":[],"product_cat":[17649,18004],"product_tag":[],"class_list":{"0":"post-100588","1":"product","2":"type-product","3":"status-publish","4":"has-post-thumbnail","6":"product_cat-standard-esfericas-construcao","7":"product_cat-construcao","9":"first","10":"instock","11":"taxable","12":"shipping-taxable","13":"purchasable","14":"product-type-simple"},"_links":{"self":[{"href":"https:\/\/casafreitas.pt\/loja\/wp-json\/wp\/v2\/product\/100588","targetHints":{"allow":["GET"]}}],"collection":[{"href":"https:\/\/casafreitas.pt\/loja\/wp-json\/wp\/v2\/product"}],"about":[{"href":"https:\/\/casafreitas.pt\/loja\/wp-json\/wp\/v2\/types\/product"}],"replies":[{"embeddable":true,"href":"https:\/\/casafreitas.pt\/loja\/wp-json\/wp\/v2\/comments?post=100588"}],"version-history":[{"count":1,"href":"https:\/\/casafreitas.pt\/loja\/wp-json\/wp\/v2\/product\/100588\/revisions"}],"predecessor-version":[{"id":100589,"href":"https:\/\/casafreitas.pt\/loja\/wp-json\/wp\/v2\/product\/100588\/revisions\/100589"}],"wp:featuredmedia":[{"embeddable":true,"href":"https:\/\/casafreitas.pt\/loja\/wp-json\/wp\/v2\/media\/100587"}],"wp:attachment":[{"href":"https:\/\/casafreitas.pt\/loja\/wp-json\/wp\/v2\/media?parent=100588"}],"wp:term":[{"taxonomy":"product_brand","embeddable":true,"href":"https:\/\/casafreitas.pt\/loja\/wp-json\/wp\/v2\/product_brand?post=100588"},{"taxonomy":"product_cat","embeddable":true,"href":"https:\/\/casafreitas.pt\/loja\/wp-json\/wp\/v2\/product_cat?post=100588"},{"taxonomy":"product_tag","embeddable":true,"href":"https:\/\/casafreitas.pt\/loja\/wp-json\/wp\/v2\/product_tag?post=100588"}],"curies":[{"name":"wp","href":"https:\/\/api.w.org\/{rel}","templated":true}]}}