{"id":100549,"date":"2025-09-30T09:49:49","date_gmt":"2025-09-30T09:49:49","guid":{"rendered":"https:\/\/casafreitas.pt\/loja\/produto\/lampada-ultra-efficient-led-classic-73w-1535im-e27-3000k-o6x124cm-philips\/"},"modified":"2025-10-24T02:20:13","modified_gmt":"2025-10-24T02:20:13","slug":"lampada-ultra-efficient-led-classic-73w-1535im-e27-3000k-o6x124cm-philips","status":"publish","type":"product","link":"https:\/\/casafreitas.pt\/loja\/produto\/lampada-ultra-efficient-led-classic-73w-1535im-e27-3000k-o6x124cm-philips\/","title":{"rendered":"L\u00e2mpada ultra efficient led classic 7,3w 1535im e27 3000k, \u00f86&#215;12,4cm, philips"},"content":{"rendered":"","protected":false},"excerpt":{"rendered":"<p>L\u00e2mpada ultra efficient led classic a70 standard 7,3w 1535im e27 mate 3000k,luz quente, 220 -240v ac 50\/60hz, tipo de fluxo 90\u00b0, \u00e2ngulo de abertura 360\u00b0, equival\u00eancia 100w, autonomia aprox. 50.000h aprox. philips<\/p>\n","protected":false},"featured_media":100548,"comment_status":"open","ping_status":"closed","template":"","meta":[],"product_brand":[],"product_cat":[17649,18004],"product_tag":[],"class_list":{"0":"post-100549","1":"product","2":"type-product","3":"status-publish","4":"has-post-thumbnail","6":"product_cat-standard-esfericas-construcao","7":"product_cat-construcao","9":"first","10":"instock","11":"taxable","12":"shipping-taxable","13":"purchasable","14":"product-type-simple"},"_links":{"self":[{"href":"https:\/\/casafreitas.pt\/loja\/wp-json\/wp\/v2\/product\/100549","targetHints":{"allow":["GET"]}}],"collection":[{"href":"https:\/\/casafreitas.pt\/loja\/wp-json\/wp\/v2\/product"}],"about":[{"href":"https:\/\/casafreitas.pt\/loja\/wp-json\/wp\/v2\/types\/product"}],"replies":[{"embeddable":true,"href":"https:\/\/casafreitas.pt\/loja\/wp-json\/wp\/v2\/comments?post=100549"}],"version-history":[{"count":1,"href":"https:\/\/casafreitas.pt\/loja\/wp-json\/wp\/v2\/product\/100549\/revisions"}],"predecessor-version":[{"id":100550,"href":"https:\/\/casafreitas.pt\/loja\/wp-json\/wp\/v2\/product\/100549\/revisions\/100550"}],"wp:featuredmedia":[{"embeddable":true,"href":"https:\/\/casafreitas.pt\/loja\/wp-json\/wp\/v2\/media\/100548"}],"wp:attachment":[{"href":"https:\/\/casafreitas.pt\/loja\/wp-json\/wp\/v2\/media?parent=100549"}],"wp:term":[{"taxonomy":"product_brand","embeddable":true,"href":"https:\/\/casafreitas.pt\/loja\/wp-json\/wp\/v2\/product_brand?post=100549"},{"taxonomy":"product_cat","embeddable":true,"href":"https:\/\/casafreitas.pt\/loja\/wp-json\/wp\/v2\/product_cat?post=100549"},{"taxonomy":"product_tag","embeddable":true,"href":"https:\/\/casafreitas.pt\/loja\/wp-json\/wp\/v2\/product_tag?post=100549"}],"curies":[{"name":"wp","href":"https:\/\/api.w.org\/{rel}","templated":true}]}}