{"id":100522,"date":"2025-09-30T09:47:24","date_gmt":"2025-09-30T09:47:24","guid":{"rendered":"https:\/\/casafreitas.pt\/loja\/produto\/lampada-globo-led-e27-13w-2000lm-6500k-luz-fria-o124x177cm-philips\/"},"modified":"2025-10-24T02:20:09","modified_gmt":"2025-10-24T02:20:09","slug":"lampada-globo-led-e27-13w-2000lm-6500k-luz-fria-o124x177cm-philips","status":"publish","type":"product","link":"https:\/\/casafreitas.pt\/loja\/produto\/lampada-globo-led-e27-13w-2000lm-6500k-luz-fria-o124x177cm-philips\/","title":{"rendered":"L\u00e2mpada globo led e27 13w 2000lm 6500k luz fria \u00f812,4&#215;17,7cm philips"},"content":{"rendered":"","protected":false},"excerpt":{"rendered":"<p>L\u00e2mpada globo led e27 13w 2000lm 6500k luz fria. tamanho: \u00f812,4&#215;17,7cm (di\u00e2metro\/altura). 15000h, ac 220-240v. vidro mate. n\u00e3o regul\u00e1vel. cri: 80. \u00e2ngulo de abertura 360\u00b0. equival\u00eancia: 120w. philips<\/p>\n","protected":false},"featured_media":100521,"comment_status":"open","ping_status":"closed","template":"","meta":[],"product_brand":[],"product_cat":[17639,18004],"product_tag":[],"class_list":{"0":"post-100522","1":"product","2":"type-product","3":"status-publish","4":"has-post-thumbnail","6":"product_cat-refletores-baloes-construcao","7":"product_cat-construcao","9":"first","10":"instock","11":"taxable","12":"shipping-taxable","13":"purchasable","14":"product-type-simple"},"_links":{"self":[{"href":"https:\/\/casafreitas.pt\/loja\/wp-json\/wp\/v2\/product\/100522","targetHints":{"allow":["GET"]}}],"collection":[{"href":"https:\/\/casafreitas.pt\/loja\/wp-json\/wp\/v2\/product"}],"about":[{"href":"https:\/\/casafreitas.pt\/loja\/wp-json\/wp\/v2\/types\/product"}],"replies":[{"embeddable":true,"href":"https:\/\/casafreitas.pt\/loja\/wp-json\/wp\/v2\/comments?post=100522"}],"version-history":[{"count":1,"href":"https:\/\/casafreitas.pt\/loja\/wp-json\/wp\/v2\/product\/100522\/revisions"}],"predecessor-version":[{"id":100523,"href":"https:\/\/casafreitas.pt\/loja\/wp-json\/wp\/v2\/product\/100522\/revisions\/100523"}],"wp:featuredmedia":[{"embeddable":true,"href":"https:\/\/casafreitas.pt\/loja\/wp-json\/wp\/v2\/media\/100521"}],"wp:attachment":[{"href":"https:\/\/casafreitas.pt\/loja\/wp-json\/wp\/v2\/media?parent=100522"}],"wp:term":[{"taxonomy":"product_brand","embeddable":true,"href":"https:\/\/casafreitas.pt\/loja\/wp-json\/wp\/v2\/product_brand?post=100522"},{"taxonomy":"product_cat","embeddable":true,"href":"https:\/\/casafreitas.pt\/loja\/wp-json\/wp\/v2\/product_cat?post=100522"},{"taxonomy":"product_tag","embeddable":true,"href":"https:\/\/casafreitas.pt\/loja\/wp-json\/wp\/v2\/product_tag?post=100522"}],"curies":[{"name":"wp","href":"https:\/\/api.w.org\/{rel}","templated":true}]}}