{"id":100495,"date":"2025-09-30T09:44:58","date_gmt":"2025-09-30T09:44:58","guid":{"rendered":"https:\/\/casafreitas.pt\/loja\/produto\/lampada-gu10-led-46w-390lm-6500k-luz-fria-o5x54cm-philips\/"},"modified":"2025-10-24T02:20:06","modified_gmt":"2025-10-24T02:20:06","slug":"lampada-gu10-led-46w-390lm-6500k-luz-fria-o5x54cm-philips","status":"publish","type":"product","link":"https:\/\/casafreitas.pt\/loja\/produto\/lampada-gu10-led-46w-390lm-6500k-luz-fria-o5x54cm-philips\/","title":{"rendered":"L\u00e2mpada gu10 led 4,6w 390lm 6500k luz fria \u00f85&#215;5,4cm philips"},"content":{"rendered":"","protected":false},"excerpt":{"rendered":"<p>L\u00e2mpada gu10 led 4.6w 390lm 6500k luz fria. tamanho: \u00f85&#215;5,4cm (di\u00e2metro\/altura) 15000h. ac 220-240v. vidro mate. n\u00e3o regul\u00e1vel. \u00e2ngulo de abertura 36\u00b0. equival\u00eancia: 50w. philips<\/p>\n","protected":false},"featured_media":100494,"comment_status":"open","ping_status":"closed","template":"","meta":[],"product_brand":[],"product_cat":[17595,18004],"product_tag":[],"class_list":{"0":"post-100495","1":"product","2":"type-product","3":"status-publish","4":"has-post-thumbnail","6":"product_cat-led-dicroico-construcao","7":"product_cat-construcao","9":"first","10":"instock","11":"taxable","12":"shipping-taxable","13":"purchasable","14":"product-type-simple"},"_links":{"self":[{"href":"https:\/\/casafreitas.pt\/loja\/wp-json\/wp\/v2\/product\/100495","targetHints":{"allow":["GET"]}}],"collection":[{"href":"https:\/\/casafreitas.pt\/loja\/wp-json\/wp\/v2\/product"}],"about":[{"href":"https:\/\/casafreitas.pt\/loja\/wp-json\/wp\/v2\/types\/product"}],"replies":[{"embeddable":true,"href":"https:\/\/casafreitas.pt\/loja\/wp-json\/wp\/v2\/comments?post=100495"}],"version-history":[{"count":1,"href":"https:\/\/casafreitas.pt\/loja\/wp-json\/wp\/v2\/product\/100495\/revisions"}],"predecessor-version":[{"id":100496,"href":"https:\/\/casafreitas.pt\/loja\/wp-json\/wp\/v2\/product\/100495\/revisions\/100496"}],"wp:featuredmedia":[{"embeddable":true,"href":"https:\/\/casafreitas.pt\/loja\/wp-json\/wp\/v2\/media\/100494"}],"wp:attachment":[{"href":"https:\/\/casafreitas.pt\/loja\/wp-json\/wp\/v2\/media?parent=100495"}],"wp:term":[{"taxonomy":"product_brand","embeddable":true,"href":"https:\/\/casafreitas.pt\/loja\/wp-json\/wp\/v2\/product_brand?post=100495"},{"taxonomy":"product_cat","embeddable":true,"href":"https:\/\/casafreitas.pt\/loja\/wp-json\/wp\/v2\/product_cat?post=100495"},{"taxonomy":"product_tag","embeddable":true,"href":"https:\/\/casafreitas.pt\/loja\/wp-json\/wp\/v2\/product_tag?post=100495"}],"curies":[{"name":"wp","href":"https:\/\/api.w.org\/{rel}","templated":true}]}}