{"id":100459,"date":"2025-09-30T09:41:55","date_gmt":"2025-09-30T09:41:55","guid":{"rendered":"https:\/\/casafreitas.pt\/loja\/produto\/lampada-esferica-led-e14-43-w-470lm-2700k-luz-quente-o45x82cm-philips\/"},"modified":"2025-10-24T02:20:00","modified_gmt":"2025-10-24T02:20:00","slug":"lampada-esferica-led-e14-43-w-470lm-2700k-luz-quente-o45x82cm-philips","status":"publish","type":"product","link":"https:\/\/casafreitas.pt\/loja\/produto\/lampada-esferica-led-e14-43-w-470lm-2700k-luz-quente-o45x82cm-philips\/","title":{"rendered":"L\u00e2mpada esf\u00e9rica led e14 4,3 w 470lm 2700k luz quente \u00f84,5&#215;8,2cm philips"},"content":{"rendered":"","protected":false},"excerpt":{"rendered":"<p>L\u00e2mpada esf\u00e9rica led e14 4.3w 470lm 2700k luz quente tamanho: \u00f84.5&#215;8.2cm (di\u00e2metro\/altura) 15.000h, ac 220-240v . vidro mate, n\u00e3o regul\u00e1vel, irc:80. . \u00e2ngulo de abertura 360\u00b0 equival\u00eancia: 40w. philips<\/p>\n","protected":false},"featured_media":100458,"comment_status":"open","ping_status":"closed","template":"","meta":[],"product_brand":[],"product_cat":[17649,18004],"product_tag":[],"class_list":{"0":"post-100459","1":"product","2":"type-product","3":"status-publish","4":"has-post-thumbnail","6":"product_cat-standard-esfericas-construcao","7":"product_cat-construcao","9":"first","10":"instock","11":"taxable","12":"shipping-taxable","13":"purchasable","14":"product-type-simple"},"_links":{"self":[{"href":"https:\/\/casafreitas.pt\/loja\/wp-json\/wp\/v2\/product\/100459","targetHints":{"allow":["GET"]}}],"collection":[{"href":"https:\/\/casafreitas.pt\/loja\/wp-json\/wp\/v2\/product"}],"about":[{"href":"https:\/\/casafreitas.pt\/loja\/wp-json\/wp\/v2\/types\/product"}],"replies":[{"embeddable":true,"href":"https:\/\/casafreitas.pt\/loja\/wp-json\/wp\/v2\/comments?post=100459"}],"version-history":[{"count":1,"href":"https:\/\/casafreitas.pt\/loja\/wp-json\/wp\/v2\/product\/100459\/revisions"}],"predecessor-version":[{"id":100460,"href":"https:\/\/casafreitas.pt\/loja\/wp-json\/wp\/v2\/product\/100459\/revisions\/100460"}],"wp:featuredmedia":[{"embeddable":true,"href":"https:\/\/casafreitas.pt\/loja\/wp-json\/wp\/v2\/media\/100458"}],"wp:attachment":[{"href":"https:\/\/casafreitas.pt\/loja\/wp-json\/wp\/v2\/media?parent=100459"}],"wp:term":[{"taxonomy":"product_brand","embeddable":true,"href":"https:\/\/casafreitas.pt\/loja\/wp-json\/wp\/v2\/product_brand?post=100459"},{"taxonomy":"product_cat","embeddable":true,"href":"https:\/\/casafreitas.pt\/loja\/wp-json\/wp\/v2\/product_cat?post=100459"},{"taxonomy":"product_tag","embeddable":true,"href":"https:\/\/casafreitas.pt\/loja\/wp-json\/wp\/v2\/product_tag?post=100459"}],"curies":[{"name":"wp","href":"https:\/\/api.w.org\/{rel}","templated":true}]}}