{"id":100453,"date":"2025-09-30T09:41:25","date_gmt":"2025-09-30T09:41:25","guid":{"rendered":"https:\/\/casafreitas.pt\/loja\/produto\/lampada-vela-led-e14-65w-806lm-4000k-luz-dia-o35x97cm-philips\/"},"modified":"2025-10-24T02:19:59","modified_gmt":"2025-10-24T02:19:59","slug":"lampada-vela-led-e14-65w-806lm-4000k-luz-dia-o35x97cm-philips","status":"publish","type":"product","link":"https:\/\/casafreitas.pt\/loja\/produto\/lampada-vela-led-e14-65w-806lm-4000k-luz-dia-o35x97cm-philips\/","title":{"rendered":"L\u00e2mpada vela led e14 6,5w 806lm 4000k luz dia \u00f83,5&#215;9,7cm. philips"},"content":{"rendered":"","protected":false},"excerpt":{"rendered":"<p>L\u00e2mpada vela led e14 6.5w 806lm 4000k luz dia. tamanho: \u00f83.5&#215;9.7cm (di\u00e2metro\/altura) 15000h. ac 220-240v. vidro mate. n\u00e3o regul\u00e1vel. irc: 80. . \u00e2ngulo de abertura 360\u00b0. equival\u00eancia: 60w. philips<\/p>\n","protected":false},"featured_media":100452,"comment_status":"open","ping_status":"closed","template":"","meta":[],"product_brand":[],"product_cat":[17593,18004],"product_tag":[],"class_list":{"0":"post-100453","1":"product","2":"type-product","3":"status-publish","4":"has-post-thumbnail","6":"product_cat-lampadas-velas-construcao","7":"product_cat-construcao","9":"first","10":"instock","11":"taxable","12":"shipping-taxable","13":"purchasable","14":"product-type-simple"},"_links":{"self":[{"href":"https:\/\/casafreitas.pt\/loja\/wp-json\/wp\/v2\/product\/100453","targetHints":{"allow":["GET"]}}],"collection":[{"href":"https:\/\/casafreitas.pt\/loja\/wp-json\/wp\/v2\/product"}],"about":[{"href":"https:\/\/casafreitas.pt\/loja\/wp-json\/wp\/v2\/types\/product"}],"replies":[{"embeddable":true,"href":"https:\/\/casafreitas.pt\/loja\/wp-json\/wp\/v2\/comments?post=100453"}],"version-history":[{"count":1,"href":"https:\/\/casafreitas.pt\/loja\/wp-json\/wp\/v2\/product\/100453\/revisions"}],"predecessor-version":[{"id":100454,"href":"https:\/\/casafreitas.pt\/loja\/wp-json\/wp\/v2\/product\/100453\/revisions\/100454"}],"wp:featuredmedia":[{"embeddable":true,"href":"https:\/\/casafreitas.pt\/loja\/wp-json\/wp\/v2\/media\/100452"}],"wp:attachment":[{"href":"https:\/\/casafreitas.pt\/loja\/wp-json\/wp\/v2\/media?parent=100453"}],"wp:term":[{"taxonomy":"product_brand","embeddable":true,"href":"https:\/\/casafreitas.pt\/loja\/wp-json\/wp\/v2\/product_brand?post=100453"},{"taxonomy":"product_cat","embeddable":true,"href":"https:\/\/casafreitas.pt\/loja\/wp-json\/wp\/v2\/product_cat?post=100453"},{"taxonomy":"product_tag","embeddable":true,"href":"https:\/\/casafreitas.pt\/loja\/wp-json\/wp\/v2\/product_tag?post=100453"}],"curies":[{"name":"wp","href":"https:\/\/api.w.org\/{rel}","templated":true}]}}