{"id":100396,"date":"2025-09-30T09:36:14","date_gmt":"2025-09-30T09:36:14","guid":{"rendered":"https:\/\/casafreitas.pt\/loja\/produto\/toldo-ocultacao-com-led-solar-para-exterior-300x300x300cm-cor-bege-899179\/"},"modified":"2025-10-24T02:19:42","modified_gmt":"2025-10-24T02:19:42","slug":"toldo-ocultacao-com-led-solar-para-exterior-300x300x300cm-cor-bege-899179","status":"publish","type":"product","link":"https:\/\/casafreitas.pt\/loja\/produto\/toldo-ocultacao-com-led-solar-para-exterior-300x300x300cm-cor-bege-899179\/","title":{"rendered":"Toldo de oculta\u00e7\u00e3o com led solar para exterior 300x300x300cm. cor bege 899179"},"content":{"rendered":"","protected":false},"excerpt":{"rendered":"<p>Toldo de oculta\u00e7\u00e3o com led solar para exterior 300x300x300cm. cor bege 899179. toldo com leds especial para exterior com 8 fun\u00e7\u00f5es de movimento. cor bege<\/p>\n","protected":false},"featured_media":100395,"comment_status":"open","ping_status":"closed","template":"","meta":[],"product_brand":[],"product_cat":[17863,18009],"product_tag":[],"class_list":{"0":"post-100396","1":"product","2":"type-product","3":"status-publish","4":"has-post-thumbnail","6":"product_cat-tendas-toldos-jardim-e-espaco-exterior","7":"product_cat-jardim-espaco-exterior","9":"first","10":"instock","11":"taxable","12":"shipping-taxable","13":"purchasable","14":"product-type-simple"},"_links":{"self":[{"href":"https:\/\/casafreitas.pt\/loja\/wp-json\/wp\/v2\/product\/100396","targetHints":{"allow":["GET"]}}],"collection":[{"href":"https:\/\/casafreitas.pt\/loja\/wp-json\/wp\/v2\/product"}],"about":[{"href":"https:\/\/casafreitas.pt\/loja\/wp-json\/wp\/v2\/types\/product"}],"replies":[{"embeddable":true,"href":"https:\/\/casafreitas.pt\/loja\/wp-json\/wp\/v2\/comments?post=100396"}],"version-history":[{"count":1,"href":"https:\/\/casafreitas.pt\/loja\/wp-json\/wp\/v2\/product\/100396\/revisions"}],"predecessor-version":[{"id":100397,"href":"https:\/\/casafreitas.pt\/loja\/wp-json\/wp\/v2\/product\/100396\/revisions\/100397"}],"wp:featuredmedia":[{"embeddable":true,"href":"https:\/\/casafreitas.pt\/loja\/wp-json\/wp\/v2\/media\/100395"}],"wp:attachment":[{"href":"https:\/\/casafreitas.pt\/loja\/wp-json\/wp\/v2\/media?parent=100396"}],"wp:term":[{"taxonomy":"product_brand","embeddable":true,"href":"https:\/\/casafreitas.pt\/loja\/wp-json\/wp\/v2\/product_brand?post=100396"},{"taxonomy":"product_cat","embeddable":true,"href":"https:\/\/casafreitas.pt\/loja\/wp-json\/wp\/v2\/product_cat?post=100396"},{"taxonomy":"product_tag","embeddable":true,"href":"https:\/\/casafreitas.pt\/loja\/wp-json\/wp\/v2\/product_tag?post=100396"}],"curies":[{"name":"wp","href":"https:\/\/api.w.org\/{rel}","templated":true}]}}