{"id":100336,"date":"2025-09-30T09:29:03","date_gmt":"2025-09-30T09:29:03","guid":{"rendered":"https:\/\/casafreitas.pt\/loja\/produto\/candeeiro-mesa-led-recarregavel-para-uso-exterior-interior-11-cm-x-37-cm-branco\/"},"modified":"2025-10-24T02:19:41","modified_gmt":"2025-10-24T02:19:41","slug":"candeeiro-mesa-led-recarregavel-para-uso-exterior-interior-11-cm-x-37-cm-branco","status":"publish","type":"product","link":"https:\/\/casafreitas.pt\/loja\/produto\/candeeiro-mesa-led-recarregavel-para-uso-exterior-interior-11-cm-x-37-cm-branco\/","title":{"rendered":"Candeeiro de mesa led recarreg\u00e1vel para uso exterior e interior, \u00f8 11 cm x 37 cm, branco"},"content":{"rendered":"","protected":false},"excerpt":{"rendered":"<p>L\u00e2mpada de mesa led branca recarreg\u00e1vel para uso exterior e interior. baterias inclu\u00eddas (2 x 18650 li-ion 1800mah), ip44, carregador tipo c (cabo de 1m inclu\u00eddo). material: metal. intensidade ajust\u00e1vel 63-153 lumens. op\u00e7\u00e3o de sele\u00e7\u00e3o de cores: 3 cores. autonomia de 8 h. \u00f8 11 cm x 37 cm<\/p>\n","protected":false},"featured_media":100335,"comment_status":"open","ping_status":"closed","template":"","meta":[],"product_brand":[],"product_cat":[17939,18008],"product_tag":[],"class_list":{"0":"post-100336","1":"product","2":"type-product","3":"status-publish","4":"has-post-thumbnail","6":"product_cat-candeeiros-de-mesa-iluminacao-2","7":"product_cat-iluminacao","9":"first","10":"instock","11":"taxable","12":"shipping-taxable","13":"purchasable","14":"product-type-simple"},"_links":{"self":[{"href":"https:\/\/casafreitas.pt\/loja\/wp-json\/wp\/v2\/product\/100336","targetHints":{"allow":["GET"]}}],"collection":[{"href":"https:\/\/casafreitas.pt\/loja\/wp-json\/wp\/v2\/product"}],"about":[{"href":"https:\/\/casafreitas.pt\/loja\/wp-json\/wp\/v2\/types\/product"}],"replies":[{"embeddable":true,"href":"https:\/\/casafreitas.pt\/loja\/wp-json\/wp\/v2\/comments?post=100336"}],"version-history":[{"count":1,"href":"https:\/\/casafreitas.pt\/loja\/wp-json\/wp\/v2\/product\/100336\/revisions"}],"predecessor-version":[{"id":100337,"href":"https:\/\/casafreitas.pt\/loja\/wp-json\/wp\/v2\/product\/100336\/revisions\/100337"}],"wp:featuredmedia":[{"embeddable":true,"href":"https:\/\/casafreitas.pt\/loja\/wp-json\/wp\/v2\/media\/100335"}],"wp:attachment":[{"href":"https:\/\/casafreitas.pt\/loja\/wp-json\/wp\/v2\/media?parent=100336"}],"wp:term":[{"taxonomy":"product_brand","embeddable":true,"href":"https:\/\/casafreitas.pt\/loja\/wp-json\/wp\/v2\/product_brand?post=100336"},{"taxonomy":"product_cat","embeddable":true,"href":"https:\/\/casafreitas.pt\/loja\/wp-json\/wp\/v2\/product_cat?post=100336"},{"taxonomy":"product_tag","embeddable":true,"href":"https:\/\/casafreitas.pt\/loja\/wp-json\/wp\/v2\/product_tag?post=100336"}],"curies":[{"name":"wp","href":"https:\/\/api.w.org\/{rel}","templated":true}]}}