{"id":100324,"date":"2025-09-30T09:27:41","date_gmt":"2025-09-30T09:27:41","guid":{"rendered":"https:\/\/casafreitas.pt\/loja\/produto\/banco-estavel-movel-preto\/"},"modified":"2025-10-24T02:19:41","modified_gmt":"2025-10-24T02:19:41","slug":"banco-estavel-movel-preto","status":"publish","type":"product","link":"https:\/\/casafreitas.pt\/loja\/produto\/banco-estavel-movel-preto\/","title":{"rendered":"Banco est\u00e1vel m\u00f3vel, preto"},"content":{"rendered":"","protected":false},"excerpt":{"rendered":"<p>Banco m\u00f3vel est\u00e1vel preto feito em pl\u00e1stico e com 3 rodas na parte inferior que permitem a movimenta\u00e7\u00e3o e fixa\u00e7\u00e3o ao ch\u00e3o. resistente, compacto e leve, admite at\u00e9 150kg de peso m\u00e1ximo. altura m\u00e1xima 42cm, di\u00e2metro superior 28,5cm, di\u00e2metro base 43,5cm; tem na sua base uma borracha perimetal que evita deslizar e batida em m\u00f3veis.<\/p>\n","protected":false},"featured_media":100323,"comment_status":"open","ping_status":"closed","template":"","meta":[],"product_brand":[],"product_cat":[17683,18003],"product_tag":[],"class_list":{"0":"post-100324","1":"product","2":"type-product","3":"status-publish","4":"has-post-thumbnail","6":"product_cat-cadeiras-banco-sofas-casa-e-decoracao","7":"product_cat-casa-decoracao","9":"first","10":"instock","11":"taxable","12":"shipping-taxable","13":"purchasable","14":"product-type-simple"},"_links":{"self":[{"href":"https:\/\/casafreitas.pt\/loja\/wp-json\/wp\/v2\/product\/100324","targetHints":{"allow":["GET"]}}],"collection":[{"href":"https:\/\/casafreitas.pt\/loja\/wp-json\/wp\/v2\/product"}],"about":[{"href":"https:\/\/casafreitas.pt\/loja\/wp-json\/wp\/v2\/types\/product"}],"replies":[{"embeddable":true,"href":"https:\/\/casafreitas.pt\/loja\/wp-json\/wp\/v2\/comments?post=100324"}],"version-history":[{"count":1,"href":"https:\/\/casafreitas.pt\/loja\/wp-json\/wp\/v2\/product\/100324\/revisions"}],"predecessor-version":[{"id":100325,"href":"https:\/\/casafreitas.pt\/loja\/wp-json\/wp\/v2\/product\/100324\/revisions\/100325"}],"wp:featuredmedia":[{"embeddable":true,"href":"https:\/\/casafreitas.pt\/loja\/wp-json\/wp\/v2\/media\/100323"}],"wp:attachment":[{"href":"https:\/\/casafreitas.pt\/loja\/wp-json\/wp\/v2\/media?parent=100324"}],"wp:term":[{"taxonomy":"product_brand","embeddable":true,"href":"https:\/\/casafreitas.pt\/loja\/wp-json\/wp\/v2\/product_brand?post=100324"},{"taxonomy":"product_cat","embeddable":true,"href":"https:\/\/casafreitas.pt\/loja\/wp-json\/wp\/v2\/product_cat?post=100324"},{"taxonomy":"product_tag","embeddable":true,"href":"https:\/\/casafreitas.pt\/loja\/wp-json\/wp\/v2\/product_tag?post=100324"}],"curies":[{"name":"wp","href":"https:\/\/api.w.org\/{rel}","templated":true}]}}