{"id":100174,"date":"2025-09-30T09:14:26","date_gmt":"2025-09-30T09:14:26","guid":{"rendered":"https:\/\/casafreitas.pt\/loja\/produto\/tocha-solar-led-multiposicoes-efeito-fogo\/"},"modified":"2025-10-24T02:19:29","modified_gmt":"2025-10-24T02:19:29","slug":"tocha-solar-led-multiposicoes-efeito-fogo","status":"publish","type":"product","link":"https:\/\/casafreitas.pt\/loja\/produto\/tocha-solar-led-multiposicoes-efeito-fogo\/","title":{"rendered":"Tocha solar led multiposi\u00e7\u00f5es efeito fogo"},"content":{"rendered":"","protected":false},"excerpt":{"rendered":"<p>Tocha solar led multiposi\u00e7\u00f5es efeito fogo. com gancho para pendurar, suporte de parede e p\u00e9 tubular, led chama. 1 bateria recarreg\u00e1vel 1.2v ni-mh aa 300mah inclu\u00edda. tempo de funcionamento: 6-8 horas ap\u00f3s a carga completa. painel solar policristalino<\/p>\n","protected":false},"featured_media":100173,"comment_status":"open","ping_status":"closed","template":"","meta":[],"product_brand":[],"product_cat":[17942,18008],"product_tag":[],"class_list":{"0":"post-100174","1":"product","2":"type-product","3":"status-publish","4":"has-post-thumbnail","6":"product_cat-estacas-tochas-farois-solares-iluminacao-2","7":"product_cat-iluminacao","9":"first","10":"instock","11":"taxable","12":"shipping-taxable","13":"purchasable","14":"product-type-simple"},"_links":{"self":[{"href":"https:\/\/casafreitas.pt\/loja\/wp-json\/wp\/v2\/product\/100174","targetHints":{"allow":["GET"]}}],"collection":[{"href":"https:\/\/casafreitas.pt\/loja\/wp-json\/wp\/v2\/product"}],"about":[{"href":"https:\/\/casafreitas.pt\/loja\/wp-json\/wp\/v2\/types\/product"}],"replies":[{"embeddable":true,"href":"https:\/\/casafreitas.pt\/loja\/wp-json\/wp\/v2\/comments?post=100174"}],"version-history":[{"count":1,"href":"https:\/\/casafreitas.pt\/loja\/wp-json\/wp\/v2\/product\/100174\/revisions"}],"predecessor-version":[{"id":100175,"href":"https:\/\/casafreitas.pt\/loja\/wp-json\/wp\/v2\/product\/100174\/revisions\/100175"}],"wp:featuredmedia":[{"embeddable":true,"href":"https:\/\/casafreitas.pt\/loja\/wp-json\/wp\/v2\/media\/100173"}],"wp:attachment":[{"href":"https:\/\/casafreitas.pt\/loja\/wp-json\/wp\/v2\/media?parent=100174"}],"wp:term":[{"taxonomy":"product_brand","embeddable":true,"href":"https:\/\/casafreitas.pt\/loja\/wp-json\/wp\/v2\/product_brand?post=100174"},{"taxonomy":"product_cat","embeddable":true,"href":"https:\/\/casafreitas.pt\/loja\/wp-json\/wp\/v2\/product_cat?post=100174"},{"taxonomy":"product_tag","embeddable":true,"href":"https:\/\/casafreitas.pt\/loja\/wp-json\/wp\/v2\/product_tag?post=100174"}],"curies":[{"name":"wp","href":"https:\/\/api.w.org\/{rel}","templated":true}]}}