{"id":100012,"date":"2025-09-30T09:02:56","date_gmt":"2025-09-30T09:02:56","guid":{"rendered":"https:\/\/casafreitas.pt\/loja\/produto\/vela-citronela-copo-vidro-o95x105cm-magic-lights\/"},"modified":"2025-10-30T22:50:41","modified_gmt":"2025-10-30T22:50:41","slug":"vela-citronela-copo-vidro-o95x105cm-magic-lights","status":"publish","type":"product","link":"https:\/\/casafreitas.pt\/loja\/produto\/vela-citronela-copo-vidro-o95x105cm-magic-lights\/","title":{"rendered":"Vela citronela copo vidro \u00f89,5&#215;10,5cm magic lights"},"content":{"rendered":"","protected":false},"excerpt":{"rendered":"<p>Vela citronela copo vidro \u00f89,5&#215;10,5cm magic lights. cera prensada, n\u00e3o colada de maior dura\u00e7\u00e3o<\/p>\n","protected":false},"featured_media":100011,"comment_status":"open","ping_status":"closed","template":"","meta":[],"product_brand":[],"product_cat":[17877,18010],"product_tag":[],"class_list":{"0":"post-100012","1":"product","2":"type-product","3":"status-publish","4":"has-post-thumbnail","6":"product_cat-citronela-limpeza-e-higiene-pessoal","7":"product_cat-limpeza-higiene-pessoal","9":"first","10":"instock","11":"taxable","12":"shipping-taxable","13":"purchasable","14":"product-type-simple"},"_links":{"self":[{"href":"https:\/\/casafreitas.pt\/loja\/wp-json\/wp\/v2\/product\/100012","targetHints":{"allow":["GET"]}}],"collection":[{"href":"https:\/\/casafreitas.pt\/loja\/wp-json\/wp\/v2\/product"}],"about":[{"href":"https:\/\/casafreitas.pt\/loja\/wp-json\/wp\/v2\/types\/product"}],"replies":[{"embeddable":true,"href":"https:\/\/casafreitas.pt\/loja\/wp-json\/wp\/v2\/comments?post=100012"}],"version-history":[{"count":1,"href":"https:\/\/casafreitas.pt\/loja\/wp-json\/wp\/v2\/product\/100012\/revisions"}],"predecessor-version":[{"id":100013,"href":"https:\/\/casafreitas.pt\/loja\/wp-json\/wp\/v2\/product\/100012\/revisions\/100013"}],"wp:featuredmedia":[{"embeddable":true,"href":"https:\/\/casafreitas.pt\/loja\/wp-json\/wp\/v2\/media\/100011"}],"wp:attachment":[{"href":"https:\/\/casafreitas.pt\/loja\/wp-json\/wp\/v2\/media?parent=100012"}],"wp:term":[{"taxonomy":"product_brand","embeddable":true,"href":"https:\/\/casafreitas.pt\/loja\/wp-json\/wp\/v2\/product_brand?post=100012"},{"taxonomy":"product_cat","embeddable":true,"href":"https:\/\/casafreitas.pt\/loja\/wp-json\/wp\/v2\/product_cat?post=100012"},{"taxonomy":"product_tag","embeddable":true,"href":"https:\/\/casafreitas.pt\/loja\/wp-json\/wp\/v2\/product_tag?post=100012"}],"curies":[{"name":"wp","href":"https:\/\/api.w.org\/{rel}","templated":true}]}}